{"id":101772,"date":"2025-10-28T16:01:34","date_gmt":"2025-10-28T16:01:34","guid":{"rendered":"https:\/\/e.kosmolat.eu\/product\/gp-atjaun-atras-iedarb-kaju-kr-pret-papezu-plais-75-ml\/"},"modified":"2025-10-28T16:01:34","modified_gmt":"2025-10-28T16:01:34","slug":"gp-atjaun-atras-iedarb-kaju-kr-pret-papezu-plais-75-ml","status":"publish","type":"product","link":"https:\/\/e.kosmolat.eu\/lt\/produktas\/gp-atjaun-atras-iedarb-kaju-kr-pret-papezu-plais-75-ml\/","title":{"rendered":"GP Atjaun. \u0101tras iedarb. k\u0101ju kr. pret pap\u0113\u017eu plais., 75 ml"},"content":{"rendered":"<p>Kr\u0113ms samazina plaisu veido\u0161anos uz pap\u0113\u017eiem, m\u012bkstina sabiez\u0113ju\u0161o \u0101du, uzlabo t\u0101s tekst\u016bru un izskatu. Mitrina p\u0113du \u0101du, samazina plaisu dzi\u013cumu jau p\u0113c 14 dienu regul\u0101ras lieto\u0161anas. Nov\u0113r\u0161 jaunu plaisu veido\u0161anos un samazina p\u0113du \u0101das p\u0101rm\u0113r\u012bgu sausumu. Nodro\u0161ina \u0101das maigumu un gludumu. Veg\u0101nisks produkts.<\/p>\n<p>Akt\u012bvo sast\u0101vda\u013cu komplekss:<br \/>\n\u2022 Pantenols \u2013 nomierina un stimul\u0113 \u0101das atjauno\u0161an\u0101s procesu.<br \/>\n\u2022 \u0160\u012b sviests \u2013 baro \u0101du un mitrina to.<br \/>\n\u2022 Avokado e\u013c\u013ca \u2013 baro un aizsarg\u0101 \u0101du.<\/p>\n<p>Lieto\u0161ana: uzkl\u0101jiet ar viegl\u0101m mas\u0113jo\u0161\u0101m kust\u012bb\u0101m uz t\u012bras, sausas p\u0113du \u0101das l\u012bdz piln\u012bgai uzs\u016bk\u0161anai.<\/p>\n<p>Pieardz\u012bbas pas\u0101kumi: iesp\u0113jama individu\u0101la jut\u012bba pret atsevi\u0161\u0137\u0101m sast\u0101vda\u013c\u0101m.<\/p>\n<p>Der\u012bguma termi\u0146\u0161: 30 m\u0113ne\u0161i no izgatavo\u0161anas datuma.<\/p>\n<p>Uzglab\u0101\u0161anas temperat\u016bra: no +5 \u00b0C l\u012bdz +25 \u00b0C.<\/p>\n","protected":false},"excerpt":{"rendered":"<p>Kr\u0113ms samazina plaisu veido\u0161anos uz pap\u0113\u017eiem, m\u012bkstina sabiez\u0113ju\u0161o \u0101du, uzlabo t\u0101s tekst\u016bru un izskatu. Mitrina p\u0113du \u0101du, samazina plaisu dzi\u013cumu jau p\u0113c 14 dienu regul\u0101ras lieto\u0161anas. Nov\u0113r\u0161 jaunu plaisu veido\u0161anos un samazina p\u0113du \u0101das p\u0101rm\u0113r\u012bgu sausumu. Nodro\u0161ina \u0101das maigumu un gludumu. Veg\u0101nisks produkts. Akt\u012bvo sast\u0101vda\u013cu komplekss: \u2022 Pantenols \u2013 nomierina un stimul\u0113 \u0101das atjauno\u0161an\u0101s procesu. [&#8230;]\n","protected":false},"featured_media":101774,"template":"","meta":[],"product_cat":[1763],"product_tag":[],"class_list":{"0":"post-101772","1":"product","2":"type-product","3":"status-publish","4":"has-post-thumbnail","6":"product_brand-elfa_ua-lt","7":"product_cat-koju-prieziuros-kosmetika","9":"first","10":"instock","11":"taxable","12":"shipping-taxable","13":"product-type-simple"},"_links":{"self":[{"href":"https:\/\/e.kosmolat.eu\/lt\/wp-json\/wp\/v2\/product\/101772","targetHints":{"allow":["GET"]}}],"collection":[{"href":"https:\/\/e.kosmolat.eu\/lt\/wp-json\/wp\/v2\/product"}],"about":[{"href":"https:\/\/e.kosmolat.eu\/lt\/wp-json\/wp\/v2\/types\/product"}],"wp:featuredmedia":[{"embeddable":true,"href":"https:\/\/e.kosmolat.eu\/lt\/wp-json\/wp\/v2\/media\/101774"}],"wp:attachment":[{"href":"https:\/\/e.kosmolat.eu\/lt\/wp-json\/wp\/v2\/media?parent=101772"}],"wp:term":[{"taxonomy":"product_cat","embeddable":true,"href":"https:\/\/e.kosmolat.eu\/lt\/wp-json\/wp\/v2\/product_cat?post=101772"},{"taxonomy":"product_tag","embeddable":true,"href":"https:\/\/e.kosmolat.eu\/lt\/wp-json\/wp\/v2\/product_tag?post=101772"}],"curies":[{"name":"wp","href":"https:\/\/api.w.org\/{rel}","templated":true}]}}