{"id":101764,"date":"2025-10-28T16:01:18","date_gmt":"2025-10-28T16:01:18","guid":{"rendered":"https:\/\/e.kosmolat.eu\/product\/gp-dezodor-kaju-kr-zeleja-pret-nepatik-smaku-75-ml\/"},"modified":"2025-10-28T16:01:18","modified_gmt":"2025-10-28T16:01:18","slug":"gp-dezodor-kaju-kr-zeleja-pret-nepatik-smaku-75-ml","status":"publish","type":"product","link":"https:\/\/e.kosmolat.eu\/lt\/produktas\/gp-dezodor-kaju-kr-zeleja-pret-nepatik-smaku-75-ml\/","title":{"rendered":"GP Dezodor. k\u0101ju kr.-\u017eeleja pret nepat\u012bk. smaku, 75 ml"},"content":{"rendered":"<p>Efekt\u012bvs veids, k\u0101 samazin\u0101t sv\u012b\u0161anu un nov\u0113rst nepat\u012bkamu smaku, pie\u0161\u0137irot k\u0101j\u0101m svaigumu un t\u012br\u012bbas saj\u016btu. Kr\u0113mam piem\u012bt antibakteri\u0101la iedarb\u012bba, un tas sniedz svaiguma saj\u016btu jau p\u0113c pirm\u0101s lieto\u0161anas reizes. Pateicoties dezodor\u0113jo\u0161\u0101m \u012bpa\u0161\u012bb\u0101m, tas nodro\u0161ina ilgsto\u0161u komfortu un atst\u0101j pat\u012bkamu arom\u0101tu uz \u0101das. Regul\u0101ri lietojot kr\u0113mu, j\u016bs var\u0113siet baud\u012bt t\u012br\u012bbas un p\u0101rliec\u012bbas saj\u016btu katru dienu. Veg\u0101nisks produkts.<\/p>\n<p>Akt\u012bvo sast\u0101vda\u013cu komplekss:<br \/>\n\u2022 Eikalipta e\u013c\u013ca \u2013 atsvaidzina, toniz\u0113 un tai piem\u012bt antibakteri\u0101la iedarb\u012bba.<br \/>\n\u2022 Kukur\u016bzas ciete \u2013 absorb\u0113 lieko mitrumu, nov\u0113r\u0161 sausumu un nodro\u0161ina komfortu.<br \/>\n\u2022 Ozola mizas ekstrakts \u2013 samazina sv\u012b\u0161anu un tam piem\u012bt savelko\u0161a iedarb\u012bba.<\/p>\n<p>Lieto\u0161ana: uzkl\u0101jiet ar viegl\u0101m mas\u0113jo\u0161\u0101m kust\u012bb\u0101m uz t\u012bras, sausas p\u0113du \u0101das l\u012bdz piln\u012bgai uzs\u016bk\u0161anai.<\/p>\n<p>Pieardz\u012bbas pas\u0101kumi: iesp\u0113jama individu\u0101la jut\u012bba pret atsevi\u0161\u0137\u0101m sast\u0101vda\u013c\u0101m.<\/p>\n<p>Der\u012bguma termi\u0146\u0161: 30 m\u0113ne\u0161i no izgatavo\u0161anas datuma.<\/p>\n<p>Uzglab\u0101\u0161anas temperat\u016bra: no +5 \u00b0C l\u012bdz +25 \u00b0C.<\/p>\n","protected":false},"excerpt":{"rendered":"<p>Efekt\u012bvs veids, k\u0101 samazin\u0101t sv\u012b\u0161anu un nov\u0113rst nepat\u012bkamu smaku, pie\u0161\u0137irot k\u0101j\u0101m svaigumu un t\u012br\u012bbas saj\u016btu. Kr\u0113mam piem\u012bt antibakteri\u0101la iedarb\u012bba, un tas sniedz svaiguma saj\u016btu jau p\u0113c pirm\u0101s lieto\u0161anas reizes. Pateicoties dezodor\u0113jo\u0161\u0101m \u012bpa\u0161\u012bb\u0101m, tas nodro\u0161ina ilgsto\u0161u komfortu un atst\u0101j pat\u012bkamu arom\u0101tu uz \u0101das. Regul\u0101ri lietojot kr\u0113mu, j\u016bs var\u0113siet baud\u012bt t\u012br\u012bbas un p\u0101rliec\u012bbas saj\u016btu katru dienu. Veg\u0101nisks [&#8230;]\n","protected":false},"featured_media":101766,"template":"","meta":[],"product_cat":[1763],"product_tag":[],"class_list":{"0":"post-101764","1":"product","2":"type-product","3":"status-publish","4":"has-post-thumbnail","6":"product_brand-elfa_ua-lt","7":"product_cat-koju-prieziuros-kosmetika","9":"first","10":"instock","11":"taxable","12":"shipping-taxable","13":"product-type-simple"},"_links":{"self":[{"href":"https:\/\/e.kosmolat.eu\/lt\/wp-json\/wp\/v2\/product\/101764","targetHints":{"allow":["GET"]}}],"collection":[{"href":"https:\/\/e.kosmolat.eu\/lt\/wp-json\/wp\/v2\/product"}],"about":[{"href":"https:\/\/e.kosmolat.eu\/lt\/wp-json\/wp\/v2\/types\/product"}],"wp:featuredmedia":[{"embeddable":true,"href":"https:\/\/e.kosmolat.eu\/lt\/wp-json\/wp\/v2\/media\/101766"}],"wp:attachment":[{"href":"https:\/\/e.kosmolat.eu\/lt\/wp-json\/wp\/v2\/media?parent=101764"}],"wp:term":[{"taxonomy":"product_cat","embeddable":true,"href":"https:\/\/e.kosmolat.eu\/lt\/wp-json\/wp\/v2\/product_cat?post=101764"},{"taxonomy":"product_tag","embeddable":true,"href":"https:\/\/e.kosmolat.eu\/lt\/wp-json\/wp\/v2\/product_tag?post=101764"}],"curies":[{"name":"wp","href":"https:\/\/api.w.org\/{rel}","templated":true}]}}