{"id":101756,"date":"2025-10-28T16:01:04","date_gmt":"2025-10-28T16:01:04","guid":{"rendered":"https:\/\/e.kosmolat.eu\/product\/gp-atjaunojosa-pedu-maska-2-x-13-ml\/"},"modified":"2025-10-28T16:01:04","modified_gmt":"2025-10-28T16:01:04","slug":"gp-atjaunojosa-pedu-maska-2-x-13-ml","status":"publish","type":"product","link":"https:\/\/e.kosmolat.eu\/lt\/produktas\/gp-atjaunojosa-pedu-maska-2-x-13-ml\/","title":{"rendered":"GP Atjaunojo\u0161a p\u0113du maska, 2 x 13 ml"},"content":{"rendered":"<p>Satur:<br \/>\n\u2022 Ur\u012bnvielu<br \/>\n\u2022 Beta\u012bnu<br \/>\n\u2022 Pantenolu<br \/>\n\u2022 \u0160\u012b sviestu<\/p>\n<p>Efekt\u012bvi atjauno un baro p\u0113du \u0101du. Maska pal\u012bdz pasarg\u0101t \u0101du no sausuma un mitruma zuduma, nodro\u0161inot komfortu. Jau p\u0113c 20 min\u016bt\u0113m \u0101da k\u013c\u016bst man\u0101mi glud\u0101ka, maig\u0101ka un kopta. P\u0113c lieto\u0161anas l\u012bdzeklis pal\u012bdz uztur\u0113t \u0101das aizsargfunkcijas, radot m\u0101jas SPA saj\u016btu. Maska viegli uzkl\u0101jas un neatst\u0101j taukainu pl\u0113v\u012bti.<\/p>\n<p>Produkts ir paredz\u0113ts vienreiz\u0113jai lieto\u0161anai. Iepakojum\u0101: 1 p\u0101ris.<\/p>\n<p>Lieto\u0161ana:<br \/>\n1. Nomazg\u0101jiet un r\u016bp\u012bgi nosusiniet k\u0101jas.<br \/>\n2. Iz\u0146emiet \u201cze\u0137\u012btes\u201d no iepakojuma.<br \/>\n3. Ar \u0161\u0137\u0113r\u0113m atdaliet ze\u0137\u012btes vienu no otras.<br \/>\n4. Uzman\u012bgi nogrieziet ze\u0137\u012btes aug\u0161\u0113jo da\u013cu apm\u0113ram 0,5 cm no malas.<br \/>\n5. Uzvelciet masku uz k\u0101j\u0101m un nostipriniet ar uzl\u012bmi. Liel\u0101kam komfortam var uzvilkt kokvilnas ze\u0137es.<br \/>\n6. Atst\u0101jiet uz 20 min\u016bt\u0113m.<br \/>\n7. No\u0146emiet ze\u0137\u012btes, l\u012bdzek\u013ca atlikumus viegli iemas\u0113jiet p\u0113du \u0101d\u0101.<\/p>\n<p>Br\u012bdin\u0101jumi: Iesp\u0113jama paaugstin\u0101ta individu\u0101la jut\u012bba pret atsevi\u0161\u0137\u0101m sast\u0101vda\u013c\u0101m. Tikai \u0101r\u012bgai lieto\u0161anai. Uzglab\u0101t b\u0113rniem nepieejam\u0101 viet\u0101. Izvair\u012bties no saskares ar ac\u012bm.<\/p>\n<p>Uzglab\u0101\u0161anas noteikumi: Uzglab\u0101t temperat\u016br\u0101 no +10 l\u012bdz +30 \u00b0C.<\/p>\n<p>Izgatavo\u0161anas datums: 30 m\u0113ne\u0161i pirms der\u012bguma termi\u0146a beig\u0101m.<\/p>\n","protected":false},"excerpt":{"rendered":"<p>Satur: \u2022 Ur\u012bnvielu \u2022 Beta\u012bnu \u2022 Pantenolu \u2022 \u0160\u012b sviestu Efekt\u012bvi atjauno un baro p\u0113du \u0101du. Maska pal\u012bdz pasarg\u0101t \u0101du no sausuma un mitruma zuduma, nodro\u0161inot komfortu. Jau p\u0113c 20 min\u016bt\u0113m \u0101da k\u013c\u016bst man\u0101mi glud\u0101ka, maig\u0101ka un kopta. P\u0113c lieto\u0161anas l\u012bdzeklis pal\u012bdz uztur\u0113t \u0101das aizsargfunkcijas, radot m\u0101jas SPA saj\u016btu. Maska viegli uzkl\u0101jas un neatst\u0101j taukainu [&#8230;]\n","protected":false},"featured_media":101758,"template":"","meta":[],"product_cat":[1763],"product_tag":[],"class_list":{"0":"post-101756","1":"product","2":"type-product","3":"status-publish","4":"has-post-thumbnail","6":"product_brand-elfa_ua-lt","7":"product_cat-koju-prieziuros-kosmetika","9":"first","10":"instock","11":"taxable","12":"shipping-taxable","13":"product-type-simple"},"_links":{"self":[{"href":"https:\/\/e.kosmolat.eu\/lt\/wp-json\/wp\/v2\/product\/101756","targetHints":{"allow":["GET"]}}],"collection":[{"href":"https:\/\/e.kosmolat.eu\/lt\/wp-json\/wp\/v2\/product"}],"about":[{"href":"https:\/\/e.kosmolat.eu\/lt\/wp-json\/wp\/v2\/types\/product"}],"wp:featuredmedia":[{"embeddable":true,"href":"https:\/\/e.kosmolat.eu\/lt\/wp-json\/wp\/v2\/media\/101758"}],"wp:attachment":[{"href":"https:\/\/e.kosmolat.eu\/lt\/wp-json\/wp\/v2\/media?parent=101756"}],"wp:term":[{"taxonomy":"product_cat","embeddable":true,"href":"https:\/\/e.kosmolat.eu\/lt\/wp-json\/wp\/v2\/product_cat?post=101756"},{"taxonomy":"product_tag","embeddable":true,"href":"https:\/\/e.kosmolat.eu\/lt\/wp-json\/wp\/v2\/product_tag?post=101756"}],"curies":[{"name":"wp","href":"https:\/\/api.w.org\/{rel}","templated":true}]}}