{"id":101748,"date":"2025-10-28T16:00:48","date_gmt":"2025-10-28T16:00:48","guid":{"rendered":"https:\/\/e.kosmolat.eu\/product\/gp-nolobosa-pedu-maska-2-x-20-ml\/"},"modified":"2025-10-28T16:00:48","modified_gmt":"2025-10-28T16:00:48","slug":"gp-nolobosa-pedu-maska-2-x-20-ml","status":"publish","type":"product","link":"https:\/\/e.kosmolat.eu\/lt\/produktas\/gp-nolobosa-pedu-maska-2-x-20-ml\/","title":{"rendered":"GP Nolobo\u0161a p\u0113du maska, 2 x 20 ml"},"content":{"rendered":"<p>Satur:<br \/>\n\u2022 Ur\u012bnvielu<br \/>\n\u2022 Beta\u012bnu<br \/>\n\u2022 Alanto\u012bnu<br \/>\n\u2022 AHA + BHA sk\u0101bes<\/p>\n<p>Nolobo\u0161a p\u0113du maska-ze\u0137\u012btes maigi, bet efekt\u012bvi no\u0146em sabiez\u0113ju\u0161u \u0101du un tulznas, izl\u012bdzina p\u0113du virsmu, padarot to glud\u0101ku un m\u012bkst\u0101ku. \u0100das lob\u012b\u0161an\u0101s process s\u0101kas p\u0113c 4\u20137 dien\u0101m un var turpin\u0101ties 3\u20135 dienas. Lai saglab\u0101tu efektu, proced\u016bru ieteicams atk\u0101rtot ik p\u0113c 30 dien\u0101m.<\/p>\n<p>Lieto\u0161ana:<br \/>\n1. Nomazg\u0101jiet un r\u016bp\u012bgi nosusiniet k\u0101jas.<br \/>\n2. Iz\u0146emiet \u201cze\u0137\u012btes\u201d no iepakojuma.<br \/>\n3. Ar \u0161\u0137\u0113r\u0113m atdaliet ze\u0137\u012btes vienu no otras.<br \/>\n4. Uzman\u012bgi nogrieziet ze\u0137\u012btes aug\u0161\u0113jo da\u013cu apm\u0113ram 0,5 cm no malas.<br \/>\n5. Uzvelciet masku uz k\u0101j\u0101m un nostipriniet ar uzl\u012bmi. Liel\u0101kam komfortam var uzvilkt kokvilnas ze\u0137es.<br \/>\n6. Atst\u0101jiet uz 60-90 min\u016bt\u0113m.<br \/>\n7. No\u0146emiet ze\u0137\u012btes, l\u012bdzek\u013ca atlikumus viegli iemas\u0113jiet p\u0113du \u0101d\u0101.<\/p>\n<p>Piesardz\u012bbas pas\u0101kumi:<br \/>\nProdukts ir paredz\u0113ts vienreiz\u0113jai lieto\u0161anai. Izmantot tikai p\u0113d\u0101m. Nelietot uz ar laku p\u0101rkl\u0101tiem nagiem (klasisk\u0101 laka, akrila\/gelish laka, m\u0101ksl\u012bgie nagi). \u0160\u0137idrums var iz\u0161\u0137\u012bdin\u0101t nagu laku. Izvair\u012bties no tie\u0161as saules iedarb\u012bbas uz p\u0113du \u0101du vismaz 1 dienu pirms proced\u016bras. Nelietot uz boj\u0101tas, iekaisu\u0161as vai jut\u012bgas \u0101das, k\u0101 ar\u012b diab\u0113ta, s\u0113n\u012b\u0161u infekciju un ekz\u0113mas gad\u012bjumos. Produkts satur AHA un BHA sk\u0101bes. Nelietot, ja ir individu\u0101la jut\u012bba pret k\u0101d\u0101m no sast\u0101vda\u013c\u0101m. Pirms lieto\u0161anas veikt aler\u0123ijas testu: uzkl\u0101t nelielu daudzumu l\u012bdzek\u013ca uz \u0101das. Ja par\u0101d\u0101s izsitumi, dedzin\u0101\u0161ana, kairin\u0101jums vai aps\u0101rtums \u2014 nekav\u0113joties p\u0101rtraukt lieto\u0161anu. Ja jums ir \u012bpa\u0161i jut\u012bga \u0101da, pirms lieto\u0161anas ieteicams uzkl\u0101t vazel\u012bnu p\u0113das vidusda\u013c\u0101 un starp pirkstiem. Izmantot produktu tikai saska\u0146\u0101 ar rekomend\u0101cij\u0101m, ne bie\u017e\u0101k k\u0101 reizi 30 dien\u0101s. Saskaroties ar ac\u012bm vai g\u013cot\u0101du, nekav\u0113joties izskalot ar lielu daudzumu \u016bdens. Nepie\u013caut produkta saskari ar delik\u0101tiem materi\u0101liem un audumiem. Neno\u0146emt sabiez\u0113ju\u0161u \u0101du meh\u0101niski. \u0100das lob\u012b\u0161an\u0101s process ilgst l\u012bdz 14 dien\u0101m. Izvair\u012bties no peld\u0113\u0161an\u0101s j\u016bras \u016bden\u012b, saskares ar smilt\u012bm un tie\u0161iem UV stariem uz apstr\u0101d\u0101t\u0101s \u0101das, vai ar\u012b lietot saules aizsargkr\u0113mu (SPF > 30) vismaz vienu ned\u0113\u013cu p\u0113c eksfoli\u0101cijas procesa beig\u0101m.<br \/>\nUzglab\u0101t ori\u0123in\u0101laj\u0101 iepakojum\u0101. Nelietot person\u0101m, kas jaun\u0101kas par 16 gadiem. B\u0113rniem l\u012bdz 3 gadu vecumam lieto\u0161ana kategoriski aizliegta. Sarg\u0101t no augstas temperat\u016bras un gaismas.<\/p>\n<p>Uzglab\u0101\u0161anas apst\u0101k\u013ci: temperat\u016br\u0101 no +10 \u00b0C l\u012bdz +30 \u00b0C.<\/p>\n<p>Izgatavo\u0161anas datums: 24 m\u0113ne\u0161i pirms der\u012bguma termi\u0146a beig\u0101m.<\/p>\n","protected":false},"excerpt":{"rendered":"<p>Satur: \u2022 Ur\u012bnvielu \u2022 Beta\u012bnu \u2022 Alanto\u012bnu \u2022 AHA + BHA sk\u0101bes Nolobo\u0161a p\u0113du maska-ze\u0137\u012btes maigi, bet efekt\u012bvi no\u0146em sabiez\u0113ju\u0161u \u0101du un tulznas, izl\u012bdzina p\u0113du virsmu, padarot to glud\u0101ku un m\u012bkst\u0101ku. \u0100das lob\u012b\u0161an\u0101s process s\u0101kas p\u0113c 4\u20137 dien\u0101m un var turpin\u0101ties 3\u20135 dienas. Lai saglab\u0101tu efektu, proced\u016bru ieteicams atk\u0101rtot ik p\u0113c 30 dien\u0101m. Lieto\u0161ana: 1. [&#8230;]\n","protected":false},"featured_media":101750,"template":"","meta":[],"product_cat":[1763],"product_tag":[],"class_list":{"0":"post-101748","1":"product","2":"type-product","3":"status-publish","4":"has-post-thumbnail","6":"product_brand-elfa_ua-lt","7":"product_cat-koju-prieziuros-kosmetika","9":"first","10":"instock","11":"taxable","12":"shipping-taxable","13":"product-type-simple"},"_links":{"self":[{"href":"https:\/\/e.kosmolat.eu\/lt\/wp-json\/wp\/v2\/product\/101748","targetHints":{"allow":["GET"]}}],"collection":[{"href":"https:\/\/e.kosmolat.eu\/lt\/wp-json\/wp\/v2\/product"}],"about":[{"href":"https:\/\/e.kosmolat.eu\/lt\/wp-json\/wp\/v2\/types\/product"}],"wp:featuredmedia":[{"embeddable":true,"href":"https:\/\/e.kosmolat.eu\/lt\/wp-json\/wp\/v2\/media\/101750"}],"wp:attachment":[{"href":"https:\/\/e.kosmolat.eu\/lt\/wp-json\/wp\/v2\/media?parent=101748"}],"wp:term":[{"taxonomy":"product_cat","embeddable":true,"href":"https:\/\/e.kosmolat.eu\/lt\/wp-json\/wp\/v2\/product_cat?post=101748"},{"taxonomy":"product_tag","embeddable":true,"href":"https:\/\/e.kosmolat.eu\/lt\/wp-json\/wp\/v2\/product_tag?post=101748"}],"curies":[{"name":"wp","href":"https:\/\/api.w.org\/{rel}","templated":true}]}}