{"id":101740,"date":"2025-10-28T16:00:08","date_gmt":"2025-10-28T16:00:08","guid":{"rendered":"https:\/\/e.kosmolat.eu\/product\/gelya-skabekla-tirisanas-pulveris-500-g\/"},"modified":"2025-10-28T16:00:15","modified_gmt":"2025-10-28T16:00:15","slug":"gelya-skabekla-tirisanas-pulveris-500-g","status":"publish","type":"product","link":"https:\/\/e.kosmolat.eu\/lt\/produktas\/gelya-skabekla-tirisanas-pulveris-500-g\/","title":{"rendered":"Powder &#8220;Gelya&#8221;  oxygen powder 500g"},"content":{"rendered":"<p>Efektyviai valo ir &scaron;alina d\u0117mes nuo \u012fvairi\u0173 pavir&scaron;i\u0173.<br \/>\n&bull; &Scaron;velnus rankoms;<br \/>\n&bull; Sud\u0117tyje yra nat\u016brali\u0173 ingredient\u0173;<br \/>\n&bull; Be fosfat\u0173, chloro ir da\u017eikli\u0173;<br \/>\n&bull; Efektyviai pa&scaron;alina riebalus ir sunkiai \u012fveikiamas d\u0117mes;<br \/>\n&bull; Dezinfekuoja;<br \/>\n&bull; Pa&scaron;alina nemalonius kvapus.<\/p>\n<p><strong>Naudojimo instrukcijos:<\/strong> Miltelius naudokite kaip universal\u0173 buitin\u012f valikl\u012f net ir esant \u017eemai &nbsp;20 &deg;C temperat\u016brai.<br \/>\n&bull; Stikliniams ar keraminiams indams, pridegusiems puodams ir keptuv\u0117ms valyti: 60 g (3 valg. &scaron;auk&scaron;tus) produkto praskieskite &scaron;altu (bent 20 &deg;C) arba kar&scaron;tu vandeniu ir palikite ne&scaron;varius indus tirpale 1&ndash;3 valandas.<br \/>\n&bull; Stalvir&scaron;i\u0173, kriaukli\u0173, keramini\u0173 plyteli\u0173, dujini\u0173 virykli\u0173 ir santechnikos \u012frengini\u0173 valymas: 1) \u012e &scaron;alt\u0105 (20 &deg;C) arba kar&scaron;t\u0105 vanden\u012f \u012fpilkite 40 g (2 valg. &scaron;auk&scaron;tus) produkto, u\u017etepkite tirpal\u0105 ant pavir&scaron;iaus ir palikite 30 minu\u010di\u0173. 2) Pabarstykite pavir&scaron;i\u0173 sausais milteliais ir kruop&scaron;\u010diai nuvalykite dr\u0117gna kempine arba &scaron;luoste. Kruop&scaron;\u010diai nuplaukite vandeniu.<br \/>\n&bull; Naudojant indaplov\u0117je: \u012f ploviklio dozatori\u0173 \u012fberkite 20&ndash;40 g (1&ndash;2 valgomuosius &scaron;auk&scaron;tus) produkto. Naudokite kaip pried\u0105 prie \u012fprasto ploviklio.<\/p>\n<p><strong>Atsargumo priemon\u0117s:<\/strong> Nenaudokite su chloro turin\u010diais plovikliais.<\/p>\n<p>Laikyti sausoje, apsaugotoje nuo saul\u0117s spinduli\u0173 vietoje, \u017eemesn\u0117je nei 35 &deg;C temperat\u016broje.<\/p>\n<p><strong>Geriausias:<\/strong> 3 metai nuo pagaminimo datos.<\/p>\n<p><strong>Sud\u0117tis:<\/strong> 30 % ir daugiau deguonies pagrindo balinimo priemoni\u0173.<\/p>\n<p>&nbsp;<\/p>\n<p><img decoding=\"async\" alt=\"\" src=\"data:image\/png;base64,iVBORw0KGgoAAAANSUhEUgAAAD0AAAA6CAYAAAF0YGHHAAAAAXNSR0IArs4c6QAAAARnQU1BAACxjwv8YQUAAAAJcEhZcwAAFxEAABcRAcom8z8AAA+ESURBVFhH3ZkJcFRVuoCpeTD1yueUlr55U\/PeSJWgMBqfIIsEkiZ7upPudGcjexoCSSAbYYdIZCtQBERWYQRRcGQphBlE8gQ1AZ4OkUVGIiCghj0g6X25t+\/t7n\/O\/\/fpLGQhCQnD+FV1dfc9+z3nX0+vTmEcPQQQ1\/vvBPBHjRiGDaRCP6650xfxItZy6LP8sY\/Kykr6lsem1lAF58rXYcmSJfRB3n33XfoG5SigCohZG+57yJFVwW5e1Ihx+B+pUIgPP80ftcQ1PmUx\/9kFsHvj8OcaJ+bnxuzJfWlwjnHowMZKQuHYPHxYW1tLhUhBQQFYklS+Si5lkKfpO8jJyYHFixeDfPZMYy+iJryaSjnCxjUt5+EYEzsVC83+rlvDXJDRj\/\/sGMaQoWAMfAFMAI\/zR\/eGzaI3Nrob4+BnQFy6JJFXa4lUmBNs5Gdq06ZNEBUVBbm5uVBcXAzDhw+nV4eYwoaDu2TCR7wZW3xWwvumyEAqRL788kvQ6XT8n4\/XXnsNnn76aerQj33OFBBmlWzl3bAZxCpu2Yon8OK2cR3YB96okW2\/aTE+aouJy05TbNMLwaULt\/Jq98aclqAyDO4PpohAEFI0e\/njzuHKzazkPzuHlBh1zZqfBRA7uu21toYUM9rlWL6I1uw+fxagvZfVFIhRgPjxHmrox2M0gBw+vP0OICYY5NMneJO7kCRwsKPMqzYHIkeA5+fbYDabYcOGDaBWq6lNWloahIWFgV6vp\/+WuztwsSmB2w0ejwdu3boFTqeTKvrRarWwbNkyOHr0KP03+TuwsvPblE8++YT\/amTAgAFQVFREHz9mfwdGxWD49ty5BvWJH1QbfpRKJfzwww8wd+5c+o8K0l4+dRA1Royhw6jgXhgCA8CydeuTvFkjKILtYQwe3P52WcNf5lWbgxqHV2kfIYJ14JZ5M59S4EUdwxsVCB5DPdjYTPijzoEHh\/\/sXgRtRA294LgwXNmv+eOeRdSEWtDa2+fNovcpHz9G5wZUQeCtqvgDr9a9uONCwTjqRXBuXk+D3o372hVmNvqDN2IEOFcuUfBmXcdUWvo4KIPAOCIAXIc\/58O0j1dwApolkQmNtPjVQt5VxzGWzXgRFaDxpWdpReeY6J45c4bEdvz48TBz5kz44IMPSPug6Tpw4AAsWLAAysrK4O2334aPPvqIJoJG1c7kQ5xR\/CfedduIeZlaNzviaDy8FjN1gFgsFvjwww\/5v7bBekh4eDjs3r0bZs+eTf\/NymAwhQ4FOT\/zMB+qEXt2\/DwnU4vGkf9LlZuCuvTQoUPUmUaj4U9bx2g0wtmzZyE\/P79BfTbFMj6dNIWUmXCVD40WgO0r0zvO9\/5ElTZu3Ijy2fAJDQ2FwMDAZs+akpCQQPp6zpw59D8rixm+VnBfriU3D5jHwfpojkulcBhQjOZO49U7j9fr5b8akU5wcWTe8a2yst\/x4VpHUodeMrHTah03hjfvGuL2rWAMGkTm33vw4H\/w7juGUxtZYWFazMTErTPYF8wBVESO6FEi76rryEmq1+xMwaPv3h7WvEx2qpl868Ku8KbdhyVFrZeYBjMOGQBel8iHZKLEXquZvSExOeYYr9pz3MlOGwbRgUyJBICdDWpPUa\/mRQ+G63OKnpSbRogPAlv5rACIHgnWkCEgzix+mz\/uWawFOSFe5hwYRzwPZm0EWJi6lCbn7eHFPYMpJzlZZhqJzKXN6jtgqmAws1Mt52cf5dW6F2mifqILxWvIM6i2aFA\/5kQV09HDwD0hzRfwdxdSVmI5GhkTGZmWqhJBeUYDIWfprvFm94eYoV1rR8vGvJV7YSud6LNOY+IsvHnXELLid1vChrHgr3VnuTXs8+eAQfESiElKmXfTOVjDI3hozElK3mXHcW5YRSbYq4tsaRrbwxEfdRZdXku6ljo6cuQI7Nixg2wxBmKvvPIKuUqZmZlw4cIFWL58OXkk6EIdPHgQbv58B8QP3vVZK5\/b3Id33TZSkvIq7pN1YjYNiqSnp8PmzZsp1xAXF0dBHPpgGE6NGzeOosOAgABQqVTkLGDUiEgV+8g\/A3UI3Dl\/\/jd8iJa4NaH15Ge\/OpMa+omMjASXy8X\/tc5XX33FQlmJVo\/R5hdffAGiKIJ8ohqMLzMLx+TdsWvX\/\/ChGpHVCsE4+iWwL13Au2IiYvUpidTUVPq+c+cOfbdGdXU1pKSkQE1NDVRUVNBW+JFr\/s7cY+aZMA\/XtXPbC3xI9no1Id7WnPstW7aQi9u3b1+IiIi456rLy8vJY8VXXV9fz5\/68FypBcOQZwGYhNg2rfpdLwxXjOz4S1WHeJXmPProo\/TdngeKwTyeg+zsbBg4cCA5koWFhfDTTz\/xGj68bAuMo5gS0oRCL0eycjl5Giyy8MNeQsPnscceo0F79+7d8CwkJITXZHJrt0NGRgYsWrSITvhbb70Fp06d4qXNseZnU7xrz0pcw\/phZi4pdioGxJQ9k6VmiYHWPtu3b+dd+cC9f+qpp8gFvnLlCuzbtw\/y8vLg2rVrvAbzuZNjfJm3+IhqGtSPLUWdKaG5w324x162B+ZR7sYcoyC\/TEyK+RsfrjlypibCw8Ic40vPgKf+Z97s\/jAxXw2zAlKqehcfpnXM2Uk+n2roAHD\/eJE37xqoPGzs9TpT4jrml93O0\/cHJYsqWVQgf\/ct76YTsNeN58XODIxlbPJS3m3HuFlS8ltQjQID86ul\/\/dl9jsE01Y4YYkdVmF82iTeXee4MX\/+IxjsGZgDIO7ZwXtuG6\/JQG6RzPbVMkmv5d10jfkAv6JIk1kagVmctvBcvUwSgYlL25S8SN78\/pGUwR6DYjA4Vr7Oh2rEff5cQ5ToLSt5njfpPqSYIDtZLxak+ZG\/\/groKoj52fXzZ\/VMpgiR1Io6tNe2mSUgVR4ikcEsHin+noZZswtGJp\/o3oB6NNw4efIRXtTzyLqwY+zV3388\/KAQ5s\/p506LPQbs9Hs0YeCaXbqcHZVf8eJfFuai8cPkxKgLKACYWce4D9WDlcV96A8Kk\/P\/fN7rbdsn\/FfCPqNQJWnD6yjAZYvF\/KJtegF4HXaQvzxCxhMF04yLj2H+aIH+kP3Ekd\/z5v9aWHLS9ZIuzC5h5MfUHtpLx8Iy8DIzdjfyyWowJ0STKsQEKUSPAjkv86R4YO8A3t3DjZSRMFWKGe1BR9LAtBx6NRjQNb1laQv3Tz+w2E1Hvjjec2Fu1J2TclHavHEY7\/7hAU24PC7ldTyemAozMFnFtJjw5y18OZ3DU3eTYkg8HWifPOy0uDN0dcJbK5R8yH8eNz7++BEpLW4L2iy8eDQw5YQyKh74K5\/+\/eE1GcFePoNu91FEJOZOulNirfZli\/R8Cg8O665dv3WNUVag\/4O5ZwPzhfDCQmKy2SPIMjiWLiRRwahTwIuR+Ei3OG\/2TD6lnuP2jBn9xTGaajQ7GCOh44dJG\/e5Gj67lmD24Pz583TNhFdO77zzDhw7dozK8KJlypQpsHTpUti2bRvs2bOHympra1uNzRBh03owMW1vDHqRbthBFwH2mZPfrALozafZPTim5A+T4iMu0WLZQBjvWSfqwX25MSavqTkDCoUCVq1aBevXr6cot6qqihZss9komsXFXLx4ESZNmgRvvvkmFBcXw7p16yghcfnyZYp+L126RHWvX78Ohw8fhv3798OKFSsgOTkZbt68yUdjse7He8A0iukOFodYcfGaUJCm5m+7DfAon3bXEIpzIt3Mxnq4jcXF2krzmt3jNQWzYn369IFBgwZRmgYzJitXrqSJ42LwOq2tHXQ4HHD79m345ptv6CW88cYbdCEZFRUFTzzxBJSWlvKaPuysPvYkff5\/pEcMTHFightiFeAu0B+A77\/\/T76MjuEcm5wpacMcEou4MXGJx9hONlbwjdgKJ06coATK1q1b+ZOug6cAM3tFRUX0H9NTOp2Odj83N5duYktKSqjMj3zyazDrIpnG\/6PP1jN9487N\/FqoqOjvW1UbOPRJU12q4OY2duNqpkZb7o4gCJT3\/PZbX3CPx3by5MmUA\/vss8+o7NNPP6WyziIzxbV27VpKca5Zs4Z+BwUFUWYxOjqanrUF2fo0LV1n4elEWy+PS77g2L61ua13jEtd4bexGDZhrkzYtpl30zY\/\/vgj9OvXj66e8UiijOr1ekqhoax2lePHj9OOYi5v586dpNzwuGNG7OrVq7xW+3huXgdrwTh2Sp8jpQtMRF2T89b5FpyqeR\/dPiuzgZhuNUWNBHH\/X3jTRr777jvK76GiWr16NX38SgtzgHhNjlRWVtJONK2HH1RGe\/fupTp343a7qR2maHEnUZtjohoz6qjtMd2LShDBjCpqfcy0Y9KzPbz1d8A2rZAuQNCPwIyfmJuxlhaOWBNV8yRVsNeJSVDc7ZefA+e6lbw5wIYNGxoSn1394BFtDbwxP336NIwZMwZGjhxJ2fuxY8fScfZr7Lq6uoZUMyZbccdR+bWGh1kVSwZ3Z3GXowLBHh91xTZ90n+xebRESFPnSbFBggujH7bzqLHtS17F7eBd9iy4MBQNVGLz5s2DhQsXkhWYNm0aafD33nuPrjDQDOLLaop86jiYE5XkvuJ1NEZ2YrKy2lo+6zm+vPYRM7VaOVZR70ZzxewgvjXbrBLwsCPzsCEd+RxMeE0a+Dx5iBCjAFti9D7HG\/P\/my+nczgzkxSSOuQq5YHRVjONbpmQDp7bdXzIfx6uT\/4KJhTFkS\/4FqsKBiFDu4t5Rd3jnRn1SS861CFnyStDLc923pwaB+6L3\/MpPDiEzcwVZZ4YuqKog1xMETsy41ewon\/j0+1ebuRn9xU04UcwCY9ygwrPHBcG0t+O+mbUQ3iZrDuWL6aTZmARl8gW61GHgKhPLuVT63lqS0sfF3SRu\/2RFl57oV\/uqjzIp9k9eJnCwqtS1CkYXoosthZjQxz2idl5fCoPnqqq+b3FJOVavGykOz8mX3QfsHMbn3bX8NyqA+skfUMiAZPbojrkplAyQcWHfjgQk2PL5Zimtv55cK5ntv4u09Ie7iu1YMlKJFNJbiRbrJQQVWvKzRjMh3k4EVI0E10qhctn64eAYfAz4Fi2qN27T\/nvp3w2FmN0Ji5e1lZOVH1tLZve\/Zc0PYk1XZckxI62kK0fzeLwoc+C\/ZWp4LXb+FKZjT1a6UsDj+A2loWGjkTlftuSsp6\/p+lJrOnxIS614prXb+txgTmpYI4NpZy3z8YGgZCp21FVW\/vvvNkvA5s+LUDQhNb40k3DycaK0aO8ruxEvNrpw6v9MrlelP2kmKaptI9NnsUfPUB69foHCSiy68vTY+4AAAAASUVORK5CYII=\" \/><strong>GHS05 Pavojinga<\/strong><\/p>\n<p><strong>H318<\/strong> Smarkiai pa\u017eeid\u017eia akis<\/p>\n<p><img decoding=\"async\" alt=\"\" src=\"data:image\/png;base64,iVBORw0KGgoAAAANSUhEUgAAAEEAAABBCAYAAAH58PnTAAAAAXNSR0IArs4c6QAAAARnQU1BAACxjwv8YQUAAAAJcEhZcwAAFxEAABcRAcom8z8AABVySURBVGhDvVsJcJTFto77Uu77UvpUIAkJF7IHHo8sLAIJCGGLBBIIGHKvpZZa9crnVlrWcyvLct\/F8lqWWlqWlmWpV0jYAoKiLCEbhIDLTf7Zt8wErknOO9\/pv2f+mcyESR7cL9Uz\/3T3333O6XNOn16SQjH45xMPmE8RRFWyrVlGAwMDZKxaZuYohCvZVy0nGuSMlBR8ka26UhUwpJKxeolUmDp1qmTW1dXRIP+2rVQVU4z\/\/W+pID+4FSA7O1u+Bwf7yfbQ\/6iWbOtWS+aff\/7JBeYb\/G3csVIeIzTV15pPCkZdtflkqQTY\/lpLgwPcxbpVZo5CVCXA\/sJz5lMEUZX6BwY1D2FYKrAAF84gx4KyMKdAuEJPxSzKzc2lt956i4xF5ZyjaqUMMP\/2hXOE3YqKCrrlllukwLZYtZTiLMyQjHhwFU5CF4NkK58hGZMnT6axY8fKs\/222dKJScMg9ZRPV48MY94MkwILkYODA9RdVkq2Mq4YjwuFQWY2GjEVIhhgruy1lWSfMoGMGqiDpdkYxGmER351JdkWzJZfF1xwAffMeYvKyL5SKWUsIo0wL0bNUhb8rfJ84403iu7p9MEHH3A+S65iDivq4oi6MVIGWGN6ahbJqFl7+fjjj+nKK6+k0047jcaMGUPz5s0zS6QtGTSjiq2BX0pBi\/Z1NWQvi27k7LPPNp8Uon5zPeO2WeSoXSFCtrDDA1q3RsYQPV133XV01VVXCSuXX365UITh65k\/k2ywFkuHQwQLRbbXryaDxzo8lPyCjSk16mqkg1gkHGKhbN1achdMIGfdKmk8ERI3EoVRNNDPKVA0mXyleSojAeI2ABkEivLD\/XqLc4aouEYcYfLLxQVDiPaV5tC\/zGcrhjTgLyqU3v744w\/q7++n6upqcjqdUuYrzhpCSVQD6Fmjubk5rN5PPPGEmcuNlGiZqKbCDQRKsswnopqaGnkRTlw3snXrVikDa57iXPP1AVZt\/vKXFMpPjbPOOotycnLCL5977rnybYWvJFe+U9wsbQyZVWiZmZk0fvx48xeJWsPkrZCOi3IVC56SnCFSf\/XVV80norvuust8UgD5\/uJ8eQ7T5WMZWBsByT6fT0YALGn8yclTGpFXuAG06itRkxlwxhln0Omnn05nnnmmPGt4WYBWREkGFMQbawBlYDUW0aI14WVK8IIy4UERsqfUpM7KJyNuA6jjLZkYruu18ByLuA0AqtdJ5C6NaGc8JGwgWYy6AbDnWF1Fvmm5ZOMAB7+tU8BIMEIi1BjbaqtYGQuoeyE79H6eq3ge8rJ5qFkSQL3kCUqKCMwQgI2n5ACrG6YajZrqGvMJ0cpccrMmgRh5Q+iIp5zRGJYILV177RLh3LZAdR7sDZI\/EJBnWF9TU5M8axgVZeSeniXhpMhEmEgsmbhEIBDBKzaOVeFwDZ7Z8RtjHgqFJBxA53PmzJHvqqoquummm+jhhx+W93V3topyMUZjJWZ55EPXhyKGiAGhvGf1UnHYxsLZQ1674YYbxF2gc6QdO3aEnzHZW6MEPRCORXPJX8oKzMRIXoxQwkSgEMFQ77QCCTal85jKcHbo7KKLLqLffvuNHnzwQRkKBE4Ayi677DK68MIL5beA29DNGIvnijM1Viwz21clQoStGpxPoZ5Fs4WYRKZ23nnn0ZIlS4Tb5cuXy0IACLB+TJs2TZwqiAMx8YBm0bJtSTkFIJmqxZKfgk4da2vINT2HeubNVFRzZjwy3njjDeng3XffNXOicd9990n5nXfeaeZYgRZVq8b8Wew+86ln7QrJYZIjhba6lWzvk8hAQIfcSFEYtbW1dO2115q\/ooHp9ZVXXjF\/aYgWqOFm0\/YWZ1P3HSskTzcdJTdE8iiwratlSidS9zyTGFUYhaysLOFap5KSErPEBNfX79pZwl6edfS6Lbat+IPHtWSY6tbKDGSURZYo765fTy+99FLC9OKLL4oEhXOWKCI4DDeQQNUSEWGCX8J7Dl5oghPbXKUziRpDIaI9gxdiiHLsd6jOZUASvcMYnggT2m3b69ewZLKoh+N2IEKMckO2MoidTZBXHZI7TMdWJEWEAA1yAjn2+jqOcXmMmZg\/\/3Wcv6dzCJNHPfV6HlFEJ4vkiYgBaLL\/bS15pvEcUR\/ZBxgNRkWEUrx+Ot7RTr3tLUwQZ5hDNlKMUgo8iR1qJ1dOGrlzx1Bv2wGe8MyiEWLEBPQz+32HWsmVlUae\/8oiz9RscmWnUm+HSUSyWmgiaQL0QjN08AA5c8aSJz+dgjxhBX7cSq78THLkpFKwtWWEajgCAsBdqKOFRZ4uqXfbZpXPKbBzG3lzkD+O+loPyPIhWZyYAGEcY95Mrlwecx73wPbtkr1582YJaAD\/riYuyyBH3jgKsSSUxJTUhkMSEuAxZ213Zo8jV954Cm7fGm72qaeeotdee02e0WHvrh3kyZtAniwoZnNSw5GQADSIBvra9\/OYM+cFqRTavk067+zslDqPPvqobNJooCywczvrRwa\/k0qB1n2SD5NNhGElEGIbd+Wls5KxWLdtC3NUUMDhfHd3eBUMYDEPKCKaeLjSyZPLEjuwR\/ITYQgBaABBbKhjv4w3GgrymAPoFECn+fn54aX3Z599Jt\/YVQBEMTEcLAUPK2egdb\/kaUuyIooAXRzsaCZ39i08nuMptOOHMOc\/\/vgjbdiwQWJHdBibEMbpLQ0g8NN20RsMR7BlnxCg+ogQEkPAINsyOE8lN9t27w8RsQNdXV3SEeJDfN9zzz2yD6oJQDz59ddfm7VVN70\/7SA3E+HJHsPD0TxEGxQBLHJ0FGSFc7GDwbiHODRHA5pmxIF672XWrFnyjSF55pln5Pnqq6+Wb4\/HE5ECvypE\/MiKySaKdoMH9ppFijUhAJVCzLmTlcaZP5aCO7YPofTll1+WDpDA5c0330w7d+6kL774gh577DHZkMeWBMqxhWkF2g+yTriyx5OPfUlv817JA1L6+THUvo8L08hZkCZjHg+vv\/46nX\/++fT4449TXl5emBidioqKZLcS+gFiYgF+e3\/ayR7TdGYsCSwRUoIte8SPuwtYPCx265hb8c4770hH2PLB9y+\/\/GKWkCgm8j766CO6+OKLad26dWaJBcwy1mi9u39g\/WK3nc3unCWR4pyQyiFXAXn+\/rbqXMsmBloBkfbtUw7Gik8\/\/VTKzjnnHHrvvffM3GjoYfV9+D55ePFiz\/oPSunrPEQOFr83fwL5tm5U\/ScgAuvH2B0zKzSBw8HftIVck1kCWRk8s7ZDCdnXHz7EwYWye79JRDwaNm3aFLVpFgt0jtVVPIB7f9NmZpSHOyuV++wQiQu5WKaEug6xFbDnYkvwbt0QIcJCCTwdOsEsGAu9rIuFNmP\/tkZy8kzpzs6k4OH2cNximiH\/cUboSIeYoj83g7xb\/iEVYvHII49IRzBFeL7jx4\/T22+\/LXkffvihWSsC9OPbsoG8eXDrEzia4s5VkSCKZBSEOnnqhQ8vYCI2m5LQ5JrAFAxlQ6dI0HyrB1RQ73h5SF3clptDOMSRsYo+hAB8ho4clvnfyzrhY0lo0zzYcVA6ROfYL9AEYEqGbsARreGFLYC20LmbvR+UPNR1UPKtnQNDB42B8KuPiXAh9uPZ0L+5QYjwuN30wgsvxF0n6tSwYaNSuC0N7H7HceIJrQsKx43GdA7EJQCA0+jr6pT4z5uXQf7GiCSGA\/rwb97IXjWV9SlTtF36jdM5kJAAAO8c61KS8HGU4930vZkfvzXhfHMjeQtTOWwfz50PHfNYDEsAANH1Helid806kc\/TKhOB9tQOg4bYEfmYc1chz6ZZ6Sy94TnXOCEB0jhbQd9vXRId+XhMvZuUiVrbhsVgpnPytNt3hBXuBB1rJEGACW4wxA072J49eZnkbVCSQIJUPKztXnTO2p6MrmgkTYDqjCVxtJOHgzsryKRAw3diIZ5CXg\/wFAttF8blIzkkLwET4O4Y\/ATPHW6sC4v+Ik4GnMtsF+O0ToQREwDARI\/\/dpQcrBNIkIopohFjVAQA6Kvv16OsF22j6TeMURMwGkCHsObAMPYdaiPH2kpyZo4lW+0yjg3aJF8NIz7+fTjlQhDtGITnUpz1dbaSsWY5z3djqXdaDvmLC8lfks9z1niy1dzOy9FWEURk+sDHSGx75Pi3CAFMhTrayKhdLs4apxduXgg4l91GnvVvkrFigUSm2CJ18cIQwgi2HZCtUGF\/hAY+Upx0IYDcQY4s9KzVd\/AA2dcsVTFfcS4vDsaRcdtM6t2mjsY1Aj80kbGwTIJTHBM7eIKx1Syn3rZ9IkRpTT4glpMrlJMsBEUcPkMdrXL7y8kTVmBaIS9Sx1L3gpkU3BrZ7jEMG23c2Bg+qQECvDrHqZ0LwijJktnYVlNJva37wkahTetk4SQIAeEDjzurrDDPDs62ehkHVams9vk88qk8wqXU26S2m6x4nde\/2G7AKhCA1mtG\/bzCNyrmSojpmZ4jaxtb9RIKth+Q8n6uq4L32FZHjtEJAQToBxOhgy1kW3W72DSY9+RnUvfCWRRs2p5QgZ9\/\/nm5hlRcXBzegVRAB+oN\/09sJjjP5fZwVQfBolG9jIKtzVKuRI\/6lucRYpSaoI5o0V2ojZnHyLMNB6Yx8xzX26D2TZuimMe67tlnn426c1JZWSmrHaxynnzySclraWmhvXv13k5EM7Af6IDPwLqhJIc1hKdWFkaoRe2ShiOkkcsgeSGgbdzB1L2EOprJAPOw+eIsWdjYF8yWnXUr8RqNjY2yuwaGP\/nkE9q9e7ecWepln95twc4MducaGhrkNxqTvtUv6mVhiGZg07w0h5z5aWSvrmRh6D1K9am+Y6mIjySFoMjAZ4ht0ljF3p6J6C3KJxfbPG4fYqM1tttvvvmGnntOXRrFpppmODbBJC699FI5N9d5EEowGJR7t9rfWNsPss+wsTDgM3Cm7uW4A9cfgiwMuNmRnKskFILIkgnQUx02+myrF8tmX6CkgBdoaTwit1Jo+w4pjyDS8eHDh+mKK66g1NRUuv\/+++WmgpV5+IIpU6ZE5emEnUmYCC5Sbjd3sq3QwsA+rbFYmYlnRjYPzjgWxjLZx49QAm4iWhyLE2oCNpdtNUtZ7dnbF02WDceeRXMoZDo8adoi8WPHjtH+\/fvlqpjD4ZC7IpoxCOSaa64J\/8Y9AryLnU+dF5swe\/z+++9m6xagS066Z+wX4\/6wi1fY\/pJs1hCeWlkYweY9YYElJQRMdVAjvBRq38s2v1hsPVCEeT6dO+EgxzxZid+cwkMPPSQMTJw4UUZSM\/TAAw\/IqTyeMT1q4EoJ\/EV6ejp9+eWXNH\/+fKmDvUu0Ba3AAcqePXEOSJgQ0BLWjF3sQFkYnuxUiTO8HG\/gmkugRe1ho572GxopsBuVqQC1x0vO3HFsa+zt2eaMRWzzO3dKOWoOyGluYjFgaxGHLki45Q2Grr\/+evER2HQDs9gfhx9AHXxfcskldPvtt9OuXbvEDKybdTpBIAkBckQjFV2B3bvYTMplEH3F7EBZM+xVSyl0QJsJf5oaLBv7YAknCz2rYPOs9mzzblYro2I2e+NtpspL\/aSAHUd9\/gKVd7vdciSmmYF24OrM+++\/LycTb775ptxwgbnoOhAOZpHW1lYREvLq6+vNHoYB0ykDpX6xz\/iBnBXlsjnp5zjDw3GMsYKDrub9YS+R0tf8Mwc5FRyrw8vmku8\/J5GzqoKCu9TIC++Rj6Tw\/fffh50gTju0QDDSOP8ZDogTcIEf9eFQ169fHxbO3XffbdZKDpjS4dhBeejnneSoZvOemseawYOMcLx6AYX2\/MxCOMgxfl0NBztjeMrLJu\/UbDKWlofPGqwpWSAw0gdhSIgNYi\/jDgdEj9b3kXA7+MiRI2aN5KAdNj79HLzZK9k8pv1FLgE7eemOi1nBtuaIYwwdOih3lrCv7SudJGEvbtxDGADag0xFrklIBCO+YMECYQAb8DgFGgngDBE\/4P20tDQxixND0ScxgglfUyMZ82\/lWS1TZg0Xr0F67qiSzX4AVVPg5MQrMJfICB05RLa6NSyMdHkJ3rVn3gzyb9kQfkkEzAlfwwFTJE4lwYg+Ek8GeE\/fSMchIu4BJoZJjCBCkW9bA3Xzkl0Or4rzyMbq3w3mu0zmwa\/5anScYAoCDgMnE\/jvJFfeOPIWT5R1vtz12tQQ7lY3pJ1QPGzZsiUcCYKhtrY2syQ+cKKmD7JxOf7o0aNmSQJw\/1YaAlsbqWf+dB68NPZxPIg5vJZZu1IOuADxESDegphgyXQj0qgSiAijrpaXxjzVIAgpyJBbd77N30vHqCMzpvmsPqIB04Bn1w4SNz9nzpwpUx4WVffee6\/cZUAZEpzp008\/HbXPEA3diYoD0X1gC9R+BjkLWYN55J25GdRdV0XBTovQhVj1aMXwESO\/oBnt6zzMwlhN7uwxcjnPm88SxkU8NpOwMPhDiU4h0Bugb7\/7Ti5oID749ttv5T824OS0vesEAUFTML1idvnqq6\/o888\/l3etx9waYB4psGUT2cpZ7QtSZXZzZ6WTY00106tHXg2oIlCyhmB4IYRh+g1G6Oghnk1Wsc\/AsXmWHHUY5aUsDH0iFemrvaWdzj\/3vChmR5Mqly01W1RtgxI\/1H7eLHIw87I3yczDsePUQ+oNw3QskhSCgrRrNtx39DDZ2Wc4EZGxMHw85cBMPGwmQJL9Jw20B+PA6ZpRPot9FIfFPIu5cjPlHyT7DqvT1VhtTAYjEkIEqhskSN5ev1Y2VXwl7EDZTKAZvk3q\/BpQdfkvadrMN\/gLTxh5aJpt3kxZIOEfX3CTowfMdyrmlZ6qz5FilEJQxKkP9YWzc8e6tWEz8bIDxaVeX+O3Uq4ToL8TAaan6+MWAf6z012YwfFLrpyp93BwFzK9vdTTlUeJUQshCkyFrED5se\/XThEGTq+9EnSxmZTxlNUYfcdDzz5WgBk4OwCnmzYIkdXeW8IxP9s8rmHDJwGy5tGq8v\/EyRGCBhOFy4ig69jRI2T\/Kwdd7Dhhux6esoyyEvI2fCflksADJx3h4QtmZIjaw9vnkDtnAtnqa6ivSzEvVfFhvnMycHKFoMEEQitA57GjnSyMWnagaSyMHPLlsTDmziDPpu+kDhIcnr9hI9k535s\/juf5HNakDHa8q+iYdnj8JxZ\/EpnXODVCMKEIV1Tjqgv+7R3X4eDYvIXjeYk7mzyvvkiOJWXknJJB7uk81U1K43hkVcTbSzoFnFtwSoUAaJXXK7q+X7uUmeBmXHEuuWbk8ncez\/OsIfU88jjjZ+j3TCmcUpxyIUQDDlSZAByo7W815JxwMznh7U3mxWGeYqajQfR\/6Idj4jF70Z8AAAAASUVORK5CYII=\" \/><strong>GHS03 Atsargiai<\/strong><\/p>\n<p><strong>H272<\/strong> Gali padidinti gaisr\u0105, oksidatorius.<\/p>\n<p><img decoding=\"async\" alt=\"\" src=\"data:image\/png;base64,iVBORw0KGgoAAAANSUhEUgAAAEMAAABFCAYAAAFmlGv4AAAAAXNSR0IArs4c6QAAAARnQU1BAACxjwv8YQUAAAAJcEhZcwAAFxEAABcRAcom8z8AABYpSURBVGhDzVsJfFRF0o+LitxHIOQ+ICEkgYQrHIKAgCtyiSwo64ki4oHK4aerqwK6ivsBXsAeKq6IIgrLohyyKgpyKIooSuZMMjM5Jwe5JpNkrtRXVf3eHJk7AX7f\/\/d7mff69euurqqurqruREAb1Oz7ULpzwaNS2TMr+bf+4Kf8K8NZ6cI\/34BW\/DWZGvi5Wfkb\/xK4Ut1nu7kCITYpQboDsBpL+Deido8nDQkDk6U7gFZLC1gMBaIlZUYstLaKttasXcu\/9Jw\/PZfvnTSp0gfgG4CTp07hTytoctOlN21GpxyG9GALqiwXXQSPSoS8yKukOxc8Ktkddu7KHc4KRKR6SCwoc5KdAyC4CE7pK90BqIe6aImguqqsRH54+91t8Mabb\/C9dmQq\/0aohw\/iGxk2m026Ax42d2H802Nc4I786WOYFq5A3VRt3uAkTr9oJjike9co8Krd9zGUPnK3x0CdFfzBfwVspgxpU49Ihfov90uFvuHVCNFa8cpa0GQmSSUCquEpYP7+pPTkCddY8OPqtzeDEqUiY8bMmRCfkgRZI3KkEhTGqFRoUf4iPQlwI6ZvvwTV4GgucMfZs2chDhupr6+XSgRaW+0sNEeTiZ8j7PhHlREHJY\/eywVtcUVnb40jrmsnDgPd7El4L8lOhnJoIpSvfcopmqPHjkFcchLU1NTwswMpKJwxEbSTh\/OzDJ\/SUQ2Jhup3tjoVwmF3QNGSBaBC5XSXvQyfjchQIJPLVj4AyrQobFAq9IGAjYSKgI047DRLgyNgI5qRg0CRihYmCPw2ohqWBKaTx6Dyr2tBnR4TkCKvRqiyOicFTEf\/KwoQxjVPodmI99uQVyPKnESo3b9XehJobXVA6RMPedlCGR6NqLLiofbAHukJICo+FgYkxPM9ibhk5VJQZw8EB5e4wI0QmTTxLnz4Dj060Sc6Crr26SU9iXr6exbijB7oMTRuRJUeDeWvvuA15r7YSKcunZ2aSyBTpls4G9RjMqQSbESRGQfVr7\/ik2l9o\/pB9uiR0pMn9HfOA+3YTL6PaC5Qo41I44e2WLzkPrh\/2VLpyQVHUyPqEK5IDsGdCOJ80y8\/oV6kcIE7jBVGyC8okJ4QErma0elgNwtbQnBKx\/z9CVCjgrmj14B+EHF1J+lJtJE\/cgg4GsWaLcPZCPGu\/uBnoMkZKJV4Q507GGwV5dKTCx56QlKoP7yfLV1baEakgaVAIz15wqMRGbWfvI\/zRdhcGoIKp4Gl0sjPvuCzEYcDLf8\/XgUVip8mYrNaIb3xDZ+NEIhHFZtehMafTtGTKPQDv42Eg3Y1Ik+D4kfvA0VsD\/TGxKR1nx7hIixCiN+k56WrH8Z1fhBoh6eC8fkncCVJxKU7Huq+PiwqtgOhEYIDpbFW\/u8atiTK1Cg2njx+5AL9Vrz0Z1CSQmTGgvnEsSDS9EZAQmRWV\/51HS7SCaBEFTZJo27bkVy3\/MWnkVsDkaB4MJ\/6huuFIjLfhEgfksNDzqQmMwHqDnv682fQb+kzoD90Q\/vbrVcP+Pbb49IbgZKVy1h86qFJ6BD9GpRDHoTIlev27AQ1WgLloH5Q88E2aVTinYxHHl0O\/eJiICY5AfrGDIBbFi6Q3ggQF+iT4mV3oDiTQYMitRlLxTv+6wkmBHWQ0XDkECgHD0BnPB6q393KZb4+Ihz8\/BD0Ro7EJiXC73BBOfvTT9IbT4jvW0F\/1zy0yqmsY\/bqClR6z5YjaBY0\/nACFDh60v6KDS+IN0FQWVmJnIhit3IArrNms1l64wfYbyuGI4Xzp4EG1yYy1I7mRuklEmI+fRLUSKka44PSVcu40IFrUChIHZLOhNw48yapJDhsyI3CWRNBhcQY7pjD3CE4daRFdR6U2YnMulL0h4mUYNregpHhuXPnoKWlRSrxDTtxw9IEmvHZGBANgUL0nR02q\/RWwE1ZW4Ecc\/PpU7xkqUamQdm6J8UbH\/Q0NDRA565dICoxDiJRV5qbm6U3LtBnNCDNjPHI9SGQP2UEOBrqvPSD4DV9ZS40fnuEfXKyB8b1z3OZO4dMJhPEYHAd0ekKyMjOAovFIr0h0dKQ0HGZO5V9FfX4TLDjsundvQtehLiDPjR9dZijZ1VWHFS9uYFH6A+ybulvuwltSBrqQSrYaqoDEiAjICEE2R7U7nofFGn92X2t\/fh98VKC3FHxw3ejvcApily0GApRN0IhQSAoITJksdR+8A7qUCyo0d40HPqMy0pXP4Bu8SCOhFqU57ksXIRMiBNID5FU9beN2Dmaf3ReKXRtUv8Skgj8IXxCJMgcMh0\/wr\/uitwetIsQ6pTUsu7LT8FaYghLF3whbCJkxbVWloEyIwYKpo\/lcjnv0h6ETwRelrJiUKb0xZhkMEZIaKAmi8CnvXSETAS1TyKwVleyU6QZngJlqx6EglmTcOEaDIVTc5kKhxQohYOQiGAR4GUz1YMaHSPK9hhum8OdWokrKBb1qAwonDPFWT8chEQEydtmLAc1+Z+4KusXulZWemdvQOIwXlePHgz6BTMCWlpfCEoEaX4rLlya7BTmgJ6yS3axZrjD0WTGyDKeTbj+DzOEaEJ0G\/wSQXOARukwN6LypbNPorthHJf5YjeVW0qKQJ3aH9Royg2L5zvLg8EnEfQZfWuvvQCaMYPZRyj4\/TjxMgCIOEs56giuypSELXnkblHOf\/3DNxHYWGsLimACOimj0qFwyih04VystaM4Ftx2K3Tt0Q269uzB3heVMeUIS7URZ1AMi7B4+T1cRpz1By8iWARIQP7Usewv5k\/MBgd6WO744fRpuBIdYcrPx6ckwzW9uoNCqeR3clctOg1695Gcyij7n4e4zN+s8SYCFYxkTzqgHZeFRDm8tN1gMEDnnt0hNjkRYlNEiKDX66W3AtRfc945XmUpXql48SlRzn894SSC\/USrBQpmX8dumgoNEPJEeuuNTt26sCNMV2JqCruCbUEdNimREFRWFRJStUFsWrQFE8HTEN123fwb2PpR7sVhNgWQIkBUXCzEJCYwEZnZw3yyWi4x\/3gcFCkoGvTYKja+yGXuPmgEKyH6ivpFszluoPSKrabKr\/xk3DhrJvSPFRHbddf7t5RyScOxL0GFQbhqSBxU\/+M1LpPrMyf0d93CjqoStdmOmh24e4F1L6yDXlH9MIaNguWPLZdKA6Meg3AluozKrHi4sOOfUikSobt9nshVTBgGVmMZF4ZCxNdHjkCX3j1ZQXfu2iWVBoJoteGrQyjuFPZLK15Zw2URxhefFqvimExo\/lWKPYOIgnA+L4+j+IhOv4NyXFeCgcWOv9XbNiPXB4NyYCTU79\/N71gcpX96FFTZSRy1txSI+R4I1GBZWRl06dUTIiK8ZrlfVO94C\/3SGA7QTce+kEolImjkZZSdxpBfmRaNTos+pJWwUKeDwsLCgD6EbCkv7Kb8Yhwn9xsO7+MyGUyEA6cnoejBu5AjKK8hMayg\/pqWtfpf29+Dt9\/Zxvc+IdWrP\/QfthUKNFw1n2znMiJPhpOX8rJrWLIINKioecg2W4VQVF\/Y+OpGuBINFiXGn18rFMwTggd1337B6QklTs2a9\/4mXrWBt0DtNtAtmouEYGQ1NAHsGG17ew8AWcNzIDohjo3ViNGjpVIXaEgNGOeqsXPeHti2RbzwAS8i5PVfhx4SG69hSeg51TlFIGP33n+zUtK1\/8ABqdQlqsajyAF0hlWZCVC5dQOXebbggjcnEHZaSBC62dfzdNJSsFspEh4EuaPikmLQFxn4niArYeO5H3EGYKQ\/NB4q1z\/HZbJ++IJPIgj0TavNinHFOHTtMewfm45unc3vaAgkAtrAV+IaocpOhvLnRe4jGPwSQb3JHRbS0o4cyZ88AuxNTV6iIYqJgKaz37PnTYpd9swK6VUgsgX8EyGBV1j8JQIoF1U4fTQ4TA1OAuU+WpADJH\/VsGQofVxs4IQaggQlgtDqQLfeZgPt2CHMkUL0OUg0BOqHdkXUyH7ayi5Zfr8gMAQOyAiNCLzY7bOg34mEaEei5z13MuqMnTlA2R2KOUqWL3HWDwchEUGghsletNpakBupeKVByUN3gRbjUHKCiu67VdSTs7hhIGQiZFAfjsY6dn7UozEeGYkBEYaE3HUYInBH2EQQqCvyvigoLrrjZtaL9nUv0C4iCNSp+expsFWhJ9YRChDtJuJi4rISQRZHFp3VkA+G+xZwkkVOUTJDO8jVjuCyMIOdL0l3rEV6KH\/mcTiPbibZuPwJOaBI6gP508ZCw38PMC\/4wvodVbdwcUmY4T4gGZaqSih5bhW71Bo0eVqMeCktS5c6VywK6oxYKJgyAhqPfYWmUSwOoh2+veS4NJrhJlW71Qzlz67gqEc5LJFNLQ1at\/AmaP75DNgw8qp8Yz17Qqrh6MCMSmfHVDfnejAdEadfLhMvLi4zyHuX0812NPFGDPkUFBAjI+hcBx1tMdw+h3eiZcjaY6uqAOP6Z3F9SmQfl874KVJ648o9DRpPHOU6ZG9CyYe1FxeFGUygRKP9QjX6umsw+huAWjAIL2RCVgIUzp0CDV8IJ52qumcb6dCMnL5wNDeD8c8r+FwUxWXkRVBsZpg1CczfHccOpHiEql9kxnSYGTI5DpzjVZv+whKl41VkE9QZ8WgYc6H+6JdOBzGQK0xvZBbZqqug7NmVnOFg\/39EGihRw4oWL4SmH+nMiqvvi4V2MYMGRNrAxNfXQfXWjawFyow4yB+TgdFQFGhnTOTVQUYgJniB6krVrRgklz21nA0vaQudsaD2DUv\/CE2\/nuU6vFyH074fhMwMHjgxQOrUXlcL1W9vAc24LE4batALp1PBmkk5UPvvnVyHQMuqO6F2fKZ8x6nvvoOPdn0Em157Fbbv2AEnTp4AtVoNVqvY9uapg3WdmlKLq9Ej96LdiUVDOxA0aIw1aHRLVyzFaPBXZiD10hGmhMUMvnA60BZqwfRctPoxvCxSUEap0dr9ezi05fo+iNIbDPD4ypVwdddroHOPbtCzX19ODvbqFwlXYVmv\/pFw79L7obRMSplITXA4JN1bSnTIlMWgTO4jBJCD8Rj2X47a06L1zHqHi6DMkLNVrRgm13\/0HuRPyoa8NMoF4nRIi2LNIA9SlmAgwZw5cwbmL1wA3fv25mOalDmnowKUrqUjmz2QOSPH5oJKpZK+8I+mfAUUP3A7Tp\/+wsjiCkRLtvGZx8BaUijVCg8+mcFhmDQq2hao27cLCm6awJqgGZUBKjSMmtFpcGG7K21LtYNpqLmxEV5a\/zJ0Qi2grQPeRsArDi\/SimhkzIrVq6CiwpWxaQvSODrVJnfVolWA4e75uIRH84EROlmoQc+2YsM6j5NJ8ngCwYMZPCBxSyrBR+R1N0\/lFCFtU5FNUGUncOKUdo9C7cQde\/6zFzr36sFnv+ikEzNjYBJc1aMrDMoYDHvxvctuBG6bp4903\/TzD2C482bIS+krpi7RitOn6rWXMaytdI0rAJzMoIbFB61gOv416BfOABVOB05Xp6NtQINVSQ03igOx4bHAhW+OfgOZOcOgd3QUTo04iEsS+zt0Fp+miLE8eDq9LYgWmR7TySOgW3Aj2pR+oEXt5eMhI1KhcssGPqHlXrctIpySRettOvk16BbNBOVAXMaoIVodkAl0pMxmqhX1CGFqgzvy8\/PhgQeX8YFquogRZD+69e4J8+bfAvXShhdpRTgrA1V1DgUv06lvQPeH34MCnT+a0ixYZMqFf20Bu1n00Xali3BYLNB47izoFy\/gswuUqKIdGw0aJCPOO2ulkBTZkY6e7CDQeart77\/HjOge2Yf3P7tH9sYpkg4bNm0KegotGEi\/Ze+W9t4bPt+HU30aerGxGBSi0UdvmHJhtR+\/h5rS5LE5HGF8+Tn+9yJFUm\/QTh7FxjF\/ai40njkhVbn4+OnsWYhEA3pNz+68IUwnJMdPmQQnvzsVljYEg+zi2+uqoXzNavRR0LiOwygZmXK+ewQYcDo15wnHjcA2w1JdAaVrn+B\/GKM0NmmGIjkSipfcCs3nf+aKbFM6SKj8PTlXY68dDz0i++IKEs+bC7NmzxJb9B0E9SFPfXtjA1T9fRNrO29u43Sh3TLdnCnQ+KO3sCNITeQhtqh+g9KVSzm2oKSilhpBppQ+vgRsFUVch+q2lynyd7RaHDz8OeROuBb69+8P10+9Hg4cOsjv2gM2\/di2TJaj2Yxe8EegHo\/e8RDyidL5TDf9b1PdVwfZMaSqbQXstpq4XN9mxa9QtOxOtsTk+tK5BdqDpGOxVgzNLxXay2QC0U5f1x3YA1oMCRTkGFLaIHUAZ9Fq9+6EVmtge+TyM6glvIjLMknmn3+Eogfu4KVVhVNHnZMEKlxpyv\/yNFjKJYcmjAHIdYuKDLBq9WqIR3txxTVXQ7+YaFixaiXo9LrQ28NqJFliAl10orvghnGQl9QH\/Qx0DFEjtNdlw4Vd77KmOBGgeQ+nSwYzxG36NJ0+DkV0MCETXV708ui\/wJQpkWiUngA7Rq0EWm1CGcfp06dhIhpLcr37xUaz9xmdiHbj6k4w5tproabWbQn3AWKWfKqX9qQbcO4XTBstQn1KH6RHQ8Gk4VCz\/S1wSD4Ra00IxPlkhjsoyuSu8bfxu+Ogmzcdp08cOmO4duMypcxOgvJ1T\/JhmlDw22+\/wez586BLnx58zJ20g5yviKuv5OMkdXWCucHQcOoo5N8wVpyZQNtGq6AaVwo69mqvFwyl4YcgHyeCMkMGMVZumHKTultuYKOkIZUcipEjMqh6M3p5GNoTfElCLqPz\/W9u2cxO1sRJ18Hcm+fC+x\/u4He+wNog9d545nvQozOlTOzF2wwkEM1I9DBfX8\/H8DuCkJlBECrqGqTp0KdQOH0srz60fClGJIMCvdbKjS+Bo0H8ryxX9+ZLUNB3slGnz5tVeVA4ZzIGZBilkmHMSoR87LN83dNgrxZGnbvCD9vRHSMsZsigHUx2ZeneZmNN0eA8VdHRPUrk4ipESZ7qdza7pfsEocEoZea5VWpBP6do8S0iGkUjrhqOPhC2T6d5rMZyQQNd4sMOoV3McAev1dJ9\/aF96L2iMRsUCVqMHJXpyJQJ2VCzcxufEiUEJBrfyZrXdP4X\/kchSvep6HhzTipOxRjegLIaRL6CjPbFRIeZQRASd1FWu3snJ3GVQ9HQ5qLjhvakcNoYqPvkAxEPYB2ZKfTjnp+g0wTF997KA+f\/KUPnT4XBYsmDd4OtzJWfYCvi1ufFwEVhhgySKq0+fI+Drtm9g0N\/BQ0Mpw9Z\/sJ5U6Dh0F4cjagnD4eSNKWP3QtqOrZFiV+sn4dGsmjJIrCWlnAd2X5cKlxUZsggouWDLWg04MK7W9nYkTfI+RE0grQamb8\/DhZNHpSvfRJtQixnv1mjMHoufvgeZJCaWnBOnUuNS8IM1n2ZGRIcdgtU\/\/1V1JRkDqPpf7d5o4j+ExKXZzq2pkwbAPo\/zoFmvZa\/Ed9jO5eHF5eIGW1Ac1s2dnZTHVS99ToffSVGaMcNBUViT9AvmglN+SpmgLjENLqcuCzMkOHOFKuxBEoeuw8KbrwW6veL\/5Nmm3C51MAHLisz\/n8D4P8AaQAOrDiATFIAAAAASUVORK5CYII=\" \/><strong>GHS07 Atsargiai<\/strong><\/p>\n<p><strong>H302<\/strong> Kenksminga prarijus.<\/p>\n<p>P102 Laikyti vaikams neprieinamoje vietoje<\/p>\n<p>P103 Prie&scaron; naudojim\u0105 perskaityti etiket\u0119.<\/p>\n<p>P210 Laikyti atokiau nuo &scaron;ilumos &scaron;altini\u0173, kar&scaron;t\u0173 pavir&scaron;i\u0173, \u017eie\u017eirb\u0173, atviros liepsnos arba kit\u0173 degimo &scaron;altini\u0173. Ner\u016bkyti.<\/p>\n<p>P220 Laikyti atokiau nuo drabu\u017ei\u0173 bei kit\u0173 degi\u0173j\u0173 med\u017eiag\u0173.<\/p>\n<p>P264 Po naudojimo kruop&scaron;\u010diai nuplaukite rankas<\/p>\n<p>P280 M\u016bv\u0117ti apsaugines pir&scaron;tines\/naudoti aki\u0173 (veido) apsaugos priemones.<\/p>\n<p>P305+P351+P338 PATEKUS \u012e AKIS: Kelias minutes atsargiai plauti vandeniu. I&scaron;imti kontaktinius l\u0119&scaron;ius, jeigu jie yra ir jeigu lengvai galima tai padaryti. Toliau plauti akis.<\/p>\n<p>P301+P312 PRARIJUS: pasijutus blogai, skambinti \u012f APSINUODIJIM\u0172 KONTROL\u0116S IR INFORMACIJOS BIUR\u0104 \/ kreiptis \u012f gydytoj\u0105.<\/p>\n<p>P330 I&scaron;skalauti burn\u0105.<\/p>\n<p>P310 Nedelsiant skambinti \u012f APSINUODIJIM\u0172 KONTROL\u0116S IR INFORMACIJOS BIUR\u0104 arba kreiptis \u012f gydytoj\u0105<\/p>\n<p>P370+P378 Gaisro atveju: gesinimui naudoti anglies dioksid\u0105, gesinimo putas, miltelius arba vandens srov\u0119.<\/p>\n<p>P501 Turin\u012f\/talpykl\u0105 i&scaron;pilti (i&scaron;mesti) &#8211; sunaudot\u0105&nbsp; pakuot\u0117 utilizuoti&nbsp; kaip buitines atliekas.<\/p>\n","protected":false},"excerpt":{"rendered":"<p>Efektyviai valo ir &scaron;alina d\u0117mes nuo \u012fvairi\u0173 pavir&scaron;i\u0173. &bull; &Scaron;velnus rankoms; &bull; Sud\u0117tyje yra nat\u016brali\u0173 ingredient\u0173; &bull; Be fosfat\u0173, chloro ir da\u017eikli\u0173; &bull; Efektyviai pa&scaron;alina riebalus ir sunkiai \u012fveikiamas d\u0117mes; &bull; Dezinfekuoja; &bull; Pa&scaron;alina nemalonius kvapus. Naudojimo instrukcijos: Miltelius naudokite kaip universal\u0173 buitin\u012f valikl\u012f net ir esant \u017eemai &nbsp;20 &deg;C temperat\u016brai. &bull; Stikliniams ar keraminiams [&#8230;]\n","protected":false},"featured_media":101742,"template":"","meta":[],"product_cat":[1260],"product_tag":[],"class_list":{"0":"post-101740","1":"product","2":"type-product","3":"status-publish","4":"has-post-thumbnail","6":"product_brand-uzhcity_ua-lt","7":"product_cat-indaploviu-prieziuros-priemones","9":"first","10":"outofstock","11":"taxable","12":"shipping-taxable","13":"product-type-simple"},"_links":{"self":[{"href":"https:\/\/e.kosmolat.eu\/lt\/wp-json\/wp\/v2\/product\/101740","targetHints":{"allow":["GET"]}}],"collection":[{"href":"https:\/\/e.kosmolat.eu\/lt\/wp-json\/wp\/v2\/product"}],"about":[{"href":"https:\/\/e.kosmolat.eu\/lt\/wp-json\/wp\/v2\/types\/product"}],"wp:featuredmedia":[{"embeddable":true,"href":"https:\/\/e.kosmolat.eu\/lt\/wp-json\/wp\/v2\/media\/101742"}],"wp:attachment":[{"href":"https:\/\/e.kosmolat.eu\/lt\/wp-json\/wp\/v2\/media?parent=101740"}],"wp:term":[{"taxonomy":"product_cat","embeddable":true,"href":"https:\/\/e.kosmolat.eu\/lt\/wp-json\/wp\/v2\/product_cat?post=101740"},{"taxonomy":"product_tag","embeddable":true,"href":"https:\/\/e.kosmolat.eu\/lt\/wp-json\/wp\/v2\/product_tag?post=101740"}],"curies":[{"name":"wp","href":"https:\/\/api.w.org\/{rel}","templated":true}]}}