{"id":101732,"date":"2025-10-28T15:59:47","date_gmt":"2025-10-28T15:59:47","guid":{"rendered":"https:\/\/e.kosmolat.eu\/product\/iaeu%d0%b7a%d0%bc-%d0%bfsc-n%d0%bd%d1%82%d0%b5%d0%bd%d1%81c%d0%b2%d0%bd%d0%be%d0%bc%d1%83-%d0%b2c%d0%bfaan%d0%bd%d0%bdn-%d0%b2%d0%bee%d0%be%d1%81%d1%81%d1%8f-aminotein-multivitamin-aminotein-mu\/"},"modified":"2025-10-28T15:59:47","modified_gmt":"2025-10-28T15:59:47","slug":"iaeu%d0%b7a%d0%bc-%d0%bfsc-n%d0%bd%d1%82%d0%b5%d0%bd%d1%81c%d0%b2%d0%bd%d0%be%d0%bc%d1%83-%d0%b2c%d0%bfaan%d0%bd%d0%bdn-%d0%b2%d0%bee%d0%be%d1%81%d1%81%d1%8f-aminotein-multivitamin-aminotein-mu","status":"publish","type":"product","link":"https:\/\/e.kosmolat.eu\/lt\/produktas\/iaeu%d0%b7a%d0%bc-%d0%bfsc-n%d0%bd%d1%82%d0%b5%d0%bd%d1%81c%d0%b2%d0%bd%d0%be%d0%bc%d1%83-%d0%b2c%d0%bfaan%d0%bd%d0%bdn-%d0%b2%d0%bee%d0%be%d1%81%d1%81%d1%8f-aminotein-multivitamin-aminotein-mu\/","title":{"rendered":"\u012e\u0105\u0117\u00fc\u0437\u0105\u043c \u043f\u0161\u010d \u0145\u043d\u0442\u0435\u043d\u0441\u010d\u0432\u043d\u043e\u043c\u0443 \u0432\u010d\u043f\u0105\u00e4\u0145\u043d\u043d\u0145 \u0432\u043e\u0117\u043e\u0441\u0441\u044f &#8220;AMINOTEIN + MULTIVITAMIN&#8221;\/&#8221;AMINOTEIN + MULTIVITAMIN&#8221; ANT"},"content":{"rendered":"<p>Multivitam\u012bnu kondicionieris ar aminote\u012bnu pl\u0101niem matiem. Piem\u0113rots v\u012brie\u0161iem un sieviet\u0113m.<\/p>\n<p>Lieto\u0161ana: uzkl\u0101jiet uz mitriem matiem un vienm\u0113r\u012bgi sadaliet vis\u0101 matu garum\u0101. Atst\u0101jiet kondicionieri uz 1\u20132 min\u016bt\u0113m, p\u0113c tam r\u016bp\u012bgi noskalojiet.<\/p>\n<p>Piesardz\u012bbas pas\u0101kumi: izvairieties no saskares ar ac\u012bm. Ja nok\u013c\u016bst ac\u012bs, r\u016bp\u012bgi izskalojiet t\u0101s ar \u016bdeni.<\/p>\n<p>Uzglab\u0101t temperat\u016br\u0101 no +5 \u00b0C l\u012bdz +25 \u00b0C.<\/p>\n","protected":false},"excerpt":{"rendered":"<p>Multivitam\u012bnu kondicionieris ar aminote\u012bnu pl\u0101niem matiem. Piem\u0113rots v\u012brie\u0161iem un sieviet\u0113m. Lieto\u0161ana: uzkl\u0101jiet uz mitriem matiem un vienm\u0113r\u012bgi sadaliet vis\u0101 matu garum\u0101. Atst\u0101jiet kondicionieri uz 1\u20132 min\u016bt\u0113m, p\u0113c tam r\u016bp\u012bgi noskalojiet. Piesardz\u012bbas pas\u0101kumi: izvairieties no saskares ar ac\u012bm. Ja nok\u013c\u016bst ac\u012bs, r\u016bp\u012bgi izskalojiet t\u0101s ar \u016bdeni. Uzglab\u0101t temperat\u016br\u0101 no +5 \u00b0C l\u012bdz +25 \u00b0C.<\/p>\n","protected":false},"featured_media":101734,"template":"","meta":[],"product_cat":[1640],"product_tag":[],"class_list":{"0":"post-101732","1":"product","2":"type-product","3":"status-publish","4":"has-post-thumbnail","6":"product_brand-pharma-group_ua-lt","7":"product_cat-balzamai","9":"first","10":"outofstock","11":"taxable","12":"shipping-taxable","13":"product-type-simple"},"_links":{"self":[{"href":"https:\/\/e.kosmolat.eu\/lt\/wp-json\/wp\/v2\/product\/101732","targetHints":{"allow":["GET"]}}],"collection":[{"href":"https:\/\/e.kosmolat.eu\/lt\/wp-json\/wp\/v2\/product"}],"about":[{"href":"https:\/\/e.kosmolat.eu\/lt\/wp-json\/wp\/v2\/types\/product"}],"wp:featuredmedia":[{"embeddable":true,"href":"https:\/\/e.kosmolat.eu\/lt\/wp-json\/wp\/v2\/media\/101734"}],"wp:attachment":[{"href":"https:\/\/e.kosmolat.eu\/lt\/wp-json\/wp\/v2\/media?parent=101732"}],"wp:term":[{"taxonomy":"product_cat","embeddable":true,"href":"https:\/\/e.kosmolat.eu\/lt\/wp-json\/wp\/v2\/product_cat?post=101732"},{"taxonomy":"product_tag","embeddable":true,"href":"https:\/\/e.kosmolat.eu\/lt\/wp-json\/wp\/v2\/product_tag?post=101732"}],"curies":[{"name":"wp","href":"https:\/\/api.w.org\/{rel}","templated":true}]}}