{"id":101724,"date":"2025-10-28T15:59:29","date_gmt":"2025-10-28T15:59:29","guid":{"rendered":"https:\/\/e.kosmolat.eu\/product\/%d1%81%d1%82c%d0%bc%d1%83ezz%d1%87c%d0%b9-iaeu%d0%b7a%d0%bc-saw-palmetto-maca-root-saw-palmetto-maca-root-stimulating-conditionertm\/"},"modified":"2025-10-28T15:59:29","modified_gmt":"2025-10-28T15:59:29","slug":"%d1%81%d1%82c%d0%bc%d1%83ezz%d1%87c%d0%b9-iaeu%d0%b7a%d0%bc-saw-palmetto-maca-root-saw-palmetto-maca-root-stimulating-conditionertm","status":"publish","type":"product","link":"https:\/\/e.kosmolat.eu\/lt\/produktas\/%d1%81%d1%82c%d0%bc%d1%83ezz%d1%87c%d0%b9-iaeu%d0%b7a%d0%bc-saw-palmetto-maca-root-saw-palmetto-maca-root-stimulating-conditionertm\/","title":{"rendered":"\u0421\u0442\u010d\u043c\u0443\u0117\u017e\u017e\u0447\u010d\u0439 \u012f\u0105\u0117\u00fc\u0437\u0105\u043c &#8220;SAW PALMETTO + MACA ROOT&#8221;\/&#8221;SAW PALMETTO + MACA ROOT&#8221; STIMULATING CONDITIONER,TM"},"content":{"rendered":"<p>Kondicionieris ar z\u0101\u0123zobain\u0101s sabalpalmas un maka saknes ekstraktiem matu aug\u0161anas veicin\u0101\u0161anai.<\/p>\n<p>Lieto\u0161ana: uzkl\u0101jiet uz mitriem matiem un vienm\u0113r\u012bgi sadaliet vis\u0101 matu garum\u0101. Atst\u0101jiet kondicionieri uz 1\u20132 min\u016bt\u0113m, p\u0113c tam r\u016bp\u012bgi noskalojiet.<\/p>\n<p>Piesardz\u012bbas pas\u0101kumi: izvairieties no saskares ar ac\u012bm. Ja nok\u013c\u016bst ac\u012bs, r\u016bp\u012bgi izskalojiet t\u0101s ar \u016bdeni.<\/p>\n<p>Uzglab\u0101t temperat\u016br\u0101 no +5 \u00b0C l\u012bdz +25 \u00b0C.<\/p>\n","protected":false},"excerpt":{"rendered":"<p>Kondicionieris ar z\u0101\u0123zobain\u0101s sabalpalmas un maka saknes ekstraktiem matu aug\u0161anas veicin\u0101\u0161anai. Lieto\u0161ana: uzkl\u0101jiet uz mitriem matiem un vienm\u0113r\u012bgi sadaliet vis\u0101 matu garum\u0101. Atst\u0101jiet kondicionieri uz 1\u20132 min\u016bt\u0113m, p\u0113c tam r\u016bp\u012bgi noskalojiet. Piesardz\u012bbas pas\u0101kumi: izvairieties no saskares ar ac\u012bm. Ja nok\u013c\u016bst ac\u012bs, r\u016bp\u012bgi izskalojiet t\u0101s ar \u016bdeni. Uzglab\u0101t temperat\u016br\u0101 no +5 \u00b0C l\u012bdz +25 \u00b0C.<\/p>\n","protected":false},"featured_media":101726,"template":"","meta":[],"product_cat":[1640],"product_tag":[],"class_list":{"0":"post-101724","1":"product","2":"type-product","3":"status-publish","4":"has-post-thumbnail","6":"product_brand-pharma-group_ua-lt","7":"product_cat-balzamai","9":"first","10":"outofstock","11":"taxable","12":"shipping-taxable","13":"product-type-simple"},"_links":{"self":[{"href":"https:\/\/e.kosmolat.eu\/lt\/wp-json\/wp\/v2\/product\/101724","targetHints":{"allow":["GET"]}}],"collection":[{"href":"https:\/\/e.kosmolat.eu\/lt\/wp-json\/wp\/v2\/product"}],"about":[{"href":"https:\/\/e.kosmolat.eu\/lt\/wp-json\/wp\/v2\/types\/product"}],"wp:featuredmedia":[{"embeddable":true,"href":"https:\/\/e.kosmolat.eu\/lt\/wp-json\/wp\/v2\/media\/101726"}],"wp:attachment":[{"href":"https:\/\/e.kosmolat.eu\/lt\/wp-json\/wp\/v2\/media?parent=101724"}],"wp:term":[{"taxonomy":"product_cat","embeddable":true,"href":"https:\/\/e.kosmolat.eu\/lt\/wp-json\/wp\/v2\/product_cat?post=101724"},{"taxonomy":"product_tag","embeddable":true,"href":"https:\/\/e.kosmolat.eu\/lt\/wp-json\/wp\/v2\/product_tag?post=101724"}],"curies":[{"name":"wp","href":"https:\/\/api.w.org\/{rel}","templated":true}]}}