{"id":101708,"date":"2025-10-28T15:59:01","date_gmt":"2025-10-28T15:59:01","guid":{"rendered":"https:\/\/e.kosmolat.eu\/product\/iaeu%d0%b7a%d0%bc-%d0%bfs%d0%be%d1%82c-%d1%81c%d0%b2c%d0%bdc-collagen-hyaluronic-acid-collagen-hyaluronic-acid-anti-grey-conditioner\/"},"modified":"2025-10-28T15:59:01","modified_gmt":"2025-10-28T15:59:01","slug":"iaeu%d0%b7a%d0%bc-%d0%bfs%d0%be%d1%82c-%d1%81c%d0%b2c%d0%bdc-collagen-hyaluronic-acid-collagen-hyaluronic-acid-anti-grey-conditioner","status":"publish","type":"product","link":"https:\/\/e.kosmolat.eu\/lt\/produktas\/iaeu%d0%b7a%d0%bc-%d0%bfs%d0%be%d1%82c-%d1%81c%d0%b2c%d0%bdc-collagen-hyaluronic-acid-collagen-hyaluronic-acid-anti-grey-conditioner\/","title":{"rendered":"\u012e\u0105\u0117\u00fc\u0437\u0105\u043c \u043f\u0161\u043e\u0442\u010d \u0441\u010d\u0432\u010d\u043d\u010d &#8220;COLLAGEN + HYALURONIC ACID&#8221;\/\u201cCOLLAGEN + HYALURONIC ACID&#8221; ANTI-GREY CONDITIONER"},"content":{"rendered":"<p>Kondicionieris ar kolag\u0113nu un hialuronsk\u0101bi uztur matu dabisko pigment\u0101ciju.<\/p>\n<p>Lieto\u0161ana: uzkl\u0101jiet uz mitriem matiem un vienm\u0113r\u012bgi sadaliet vis\u0101 matu garum\u0101. Atst\u0101jiet kondicionieri uz 1\u20132 min\u016bt\u0113m, p\u0113c tam r\u016bp\u012bgi noskalojiet.<\/p>\n<p>Piesardz\u012bbas pas\u0101kumi: izvairieties no saskares ar ac\u012bm. Ja nok\u013c\u016bst ac\u012bs, r\u016bp\u012bgi izskalojiet t\u0101s ar \u016bdeni.<\/p>\n<p>Uzglab\u0101t temperat\u016br\u0101 no +5 \u00b0C l\u012bdz +25 \u00b0C.<\/p>\n","protected":false},"excerpt":{"rendered":"<p>Kondicionieris ar kolag\u0113nu un hialuronsk\u0101bi uztur matu dabisko pigment\u0101ciju. Lieto\u0161ana: uzkl\u0101jiet uz mitriem matiem un vienm\u0113r\u012bgi sadaliet vis\u0101 matu garum\u0101. Atst\u0101jiet kondicionieri uz 1\u20132 min\u016bt\u0113m, p\u0113c tam r\u016bp\u012bgi noskalojiet. Piesardz\u012bbas pas\u0101kumi: izvairieties no saskares ar ac\u012bm. Ja nok\u013c\u016bst ac\u012bs, r\u016bp\u012bgi izskalojiet t\u0101s ar \u016bdeni. Uzglab\u0101t temperat\u016br\u0101 no +5 \u00b0C l\u012bdz +25 \u00b0C.<\/p>\n","protected":false},"featured_media":101710,"template":"","meta":[],"product_cat":[1640],"product_tag":[],"class_list":{"0":"post-101708","1":"product","2":"type-product","3":"status-publish","4":"has-post-thumbnail","6":"product_brand-pharma-group_ua-lt","7":"product_cat-balzamai","9":"first","10":"outofstock","11":"taxable","12":"shipping-taxable","13":"product-type-simple"},"_links":{"self":[{"href":"https:\/\/e.kosmolat.eu\/lt\/wp-json\/wp\/v2\/product\/101708","targetHints":{"allow":["GET"]}}],"collection":[{"href":"https:\/\/e.kosmolat.eu\/lt\/wp-json\/wp\/v2\/product"}],"about":[{"href":"https:\/\/e.kosmolat.eu\/lt\/wp-json\/wp\/v2\/types\/product"}],"wp:featuredmedia":[{"embeddable":true,"href":"https:\/\/e.kosmolat.eu\/lt\/wp-json\/wp\/v2\/media\/101710"}],"wp:attachment":[{"href":"https:\/\/e.kosmolat.eu\/lt\/wp-json\/wp\/v2\/media?parent=101708"}],"wp:term":[{"taxonomy":"product_cat","embeddable":true,"href":"https:\/\/e.kosmolat.eu\/lt\/wp-json\/wp\/v2\/product_cat?post=101708"},{"taxonomy":"product_tag","embeddable":true,"href":"https:\/\/e.kosmolat.eu\/lt\/wp-json\/wp\/v2\/product_tag?post=101708"}],"curies":[{"name":"wp","href":"https:\/\/api.w.org\/{rel}","templated":true}]}}