{"id":101684,"date":"2025-10-28T15:58:18","date_gmt":"2025-10-28T15:58:18","guid":{"rendered":"https:\/\/e.kosmolat.eu\/product\/%d0%b2na%d0%bd%d0%be%d0%b2ez%d0%b2aeu%d0%bdc%d0%b9-ua%d0%bc%d0%bf%d1%83%d0%bdu-keratincollagen-keratin-collagen-redensifying-shampoo-tm-pharma-gr\/"},"modified":"2025-10-28T15:58:18","modified_gmt":"2025-10-28T15:58:18","slug":"%d0%b2na%d0%bd%d0%be%d0%b2ez%d0%b2aeu%d0%bdc%d0%b9-ua%d0%bc%d0%bf%d1%83%d0%bdu-keratincollagen-keratin-collagen-redensifying-shampoo-tm-pharma-gr","status":"publish","type":"product","link":"https:\/\/e.kosmolat.eu\/lt\/produktas\/%d0%b2na%d0%bd%d0%be%d0%b2ez%d0%b2aeu%d0%bdc%d0%b9-ua%d0%bc%d0%bf%d1%83%d0%bdu-keratincollagen-keratin-collagen-redensifying-shampoo-tm-pharma-gr\/","title":{"rendered":"\u0412\u0145\u00e4\u043d\u043e\u0432\u0117\u017e\u0432\u0105\u0117\u00fc\u043d\u010d\u0439 \u0173\u0105\u043c\u043f\u0443\u043d\u00fc &#8220;KERATIN+COLLAGEN&#8221;\/&#8221;KERATIN + COLLAGEN &#8221; REDENSIFYING SHAMPOO, TM &#8220;PHARMA GR"},"content":{"rendered":"<p>\u0160amp\u016bns ar kerat\u012bnu un kolag\u0113nu. <\/p>\n<p>Lieto\u0161ana: uzkl\u0101jiet uz mitriem matiem, iemas\u0113jiet, l\u012bdz izveidojas bag\u0101t\u012bgas putas, un noskalojiet. P\u0113c tam lietojiet kondicionieri.<\/p>\n<p>Piesardz\u012bbas pas\u0101kumi: izvairieties no saskares ar ac\u012bm. Ja nok\u013c\u016bst ac\u012bs, r\u016bp\u012bgi izskalojiet t\u0101s ar \u016bdeni.<\/p>\n<p>Uzglab\u0101t temperat\u016br\u0101 no +5 \u00b0C l\u012bdz +25 \u00b0C.<\/p>\n","protected":false},"excerpt":{"rendered":"<p>\u0160amp\u016bns ar kerat\u012bnu un kolag\u0113nu. Lieto\u0161ana: uzkl\u0101jiet uz mitriem matiem, iemas\u0113jiet, l\u012bdz izveidojas bag\u0101t\u012bgas putas, un noskalojiet. P\u0113c tam lietojiet kondicionieri. Piesardz\u012bbas pas\u0101kumi: izvairieties no saskares ar ac\u012bm. Ja nok\u013c\u016bst ac\u012bs, r\u016bp\u012bgi izskalojiet t\u0101s ar \u016bdeni. Uzglab\u0101t temperat\u016br\u0101 no +5 \u00b0C l\u012bdz +25 \u00b0C.<\/p>\n","protected":false},"featured_media":101686,"template":"","meta":[],"product_cat":[1251],"product_tag":[],"class_list":{"0":"post-101684","1":"product","2":"type-product","3":"status-publish","4":"has-post-thumbnail","6":"product_brand-pharma-group_ua-lt","7":"product_cat-sampunai","9":"first","10":"outofstock","11":"taxable","12":"shipping-taxable","13":"product-type-simple"},"_links":{"self":[{"href":"https:\/\/e.kosmolat.eu\/lt\/wp-json\/wp\/v2\/product\/101684","targetHints":{"allow":["GET"]}}],"collection":[{"href":"https:\/\/e.kosmolat.eu\/lt\/wp-json\/wp\/v2\/product"}],"about":[{"href":"https:\/\/e.kosmolat.eu\/lt\/wp-json\/wp\/v2\/types\/product"}],"wp:featuredmedia":[{"embeddable":true,"href":"https:\/\/e.kosmolat.eu\/lt\/wp-json\/wp\/v2\/media\/101686"}],"wp:attachment":[{"href":"https:\/\/e.kosmolat.eu\/lt\/wp-json\/wp\/v2\/media?parent=101684"}],"wp:term":[{"taxonomy":"product_cat","embeddable":true,"href":"https:\/\/e.kosmolat.eu\/lt\/wp-json\/wp\/v2\/product_cat?post=101684"},{"taxonomy":"product_tag","embeddable":true,"href":"https:\/\/e.kosmolat.eu\/lt\/wp-json\/wp\/v2\/product_tag?post=101684"}],"curies":[{"name":"wp","href":"https:\/\/api.w.org\/{rel}","templated":true}]}}