{"id":101676,"date":"2025-10-28T15:58:04","date_gmt":"2025-10-28T15:58:04","guid":{"rendered":"https:\/\/e.kosmolat.eu\/product\/ua%d0%bc%d0%bf%d1%83%d0%bdu-%d0%bfs%d0%be%d1%82c-%d1%81c%d0%b2c%d0%bdc-collagen-hyaluronic-acid-collagen-hyaluronic-acid-anti-grey-shampoo-tm\/"},"modified":"2025-10-28T15:58:04","modified_gmt":"2025-10-28T15:58:04","slug":"ua%d0%bc%d0%bf%d1%83%d0%bdu-%d0%bfs%d0%be%d1%82c-%d1%81c%d0%b2c%d0%bdc-collagen-hyaluronic-acid-collagen-hyaluronic-acid-anti-grey-shampoo-tm","status":"publish","type":"product","link":"https:\/\/e.kosmolat.eu\/lt\/produktas\/ua%d0%bc%d0%bf%d1%83%d0%bdu-%d0%bfs%d0%be%d1%82c-%d1%81c%d0%b2c%d0%bdc-collagen-hyaluronic-acid-collagen-hyaluronic-acid-anti-grey-shampoo-tm\/","title":{"rendered":"\u0172\u0105\u043c\u043f\u0443\u043d\u00fc \u043f\u0161\u043e\u0442\u010d \u0441\u010d\u0432\u010d\u043d\u010d &#8220;COLLAGEN + HYALURONIC ACID&#8221;\/&#8221;COLLAGEN + HYALURONIC ACID&#8221; ANTI-GREY SHAMPOO, TM"},"content":{"rendered":"<p>\u0160amp\u016bns ar kolag\u0113nu un hialuronsk\u0101bi uztur matu dabisko pigment\u0101ciju.<\/p>\n<p>Lieto\u0161ana: uzkl\u0101jiet uz mitriem matiem, iemas\u0113jiet, l\u012bdz izveidojas bag\u0101t\u012bgas putas, un noskalojiet. P\u0113c tam lietojiet kondicionieri.<\/p>\n<p>Piesardz\u012bbas pas\u0101kumi: izvairieties no saskares ar ac\u012bm. Ja nok\u013c\u016bst ac\u012bs, r\u016bp\u012bgi izskalojiet t\u0101s ar \u016bdeni.<\/p>\n<p>Uzglab\u0101t temperat\u016br\u0101 no +5 \u00b0C l\u012bdz +25 \u00b0C.<\/p>\n","protected":false},"excerpt":{"rendered":"<p>\u0160amp\u016bns ar kolag\u0113nu un hialuronsk\u0101bi uztur matu dabisko pigment\u0101ciju. Lieto\u0161ana: uzkl\u0101jiet uz mitriem matiem, iemas\u0113jiet, l\u012bdz izveidojas bag\u0101t\u012bgas putas, un noskalojiet. P\u0113c tam lietojiet kondicionieri. Piesardz\u012bbas pas\u0101kumi: izvairieties no saskares ar ac\u012bm. Ja nok\u013c\u016bst ac\u012bs, r\u016bp\u012bgi izskalojiet t\u0101s ar \u016bdeni. Uzglab\u0101t temperat\u016br\u0101 no +5 \u00b0C l\u012bdz +25 \u00b0C.<\/p>\n","protected":false},"featured_media":101678,"template":"","meta":[],"product_cat":[1251],"product_tag":[],"class_list":{"0":"post-101676","1":"product","2":"type-product","3":"status-publish","4":"has-post-thumbnail","6":"product_brand-pharma-group_ua-lt","7":"product_cat-sampunai","9":"first","10":"outofstock","11":"taxable","12":"shipping-taxable","13":"product-type-simple"},"_links":{"self":[{"href":"https:\/\/e.kosmolat.eu\/lt\/wp-json\/wp\/v2\/product\/101676","targetHints":{"allow":["GET"]}}],"collection":[{"href":"https:\/\/e.kosmolat.eu\/lt\/wp-json\/wp\/v2\/product"}],"about":[{"href":"https:\/\/e.kosmolat.eu\/lt\/wp-json\/wp\/v2\/types\/product"}],"wp:featuredmedia":[{"embeddable":true,"href":"https:\/\/e.kosmolat.eu\/lt\/wp-json\/wp\/v2\/media\/101678"}],"wp:attachment":[{"href":"https:\/\/e.kosmolat.eu\/lt\/wp-json\/wp\/v2\/media?parent=101676"}],"wp:term":[{"taxonomy":"product_cat","embeddable":true,"href":"https:\/\/e.kosmolat.eu\/lt\/wp-json\/wp\/v2\/product_cat?post=101676"},{"taxonomy":"product_tag","embeddable":true,"href":"https:\/\/e.kosmolat.eu\/lt\/wp-json\/wp\/v2\/product_tag?post=101676"}],"curies":[{"name":"wp","href":"https:\/\/api.w.org\/{rel}","templated":true}]}}