{"id":101668,"date":"2025-10-28T15:57:49","date_gmt":"2025-10-28T15:57:49","guid":{"rendered":"https:\/\/e.kosmolat.eu\/product\/dp-attaukos-lidzelkis-ar-bikarbonatu-750-ml\/"},"modified":"2025-10-28T15:57:56","modified_gmt":"2025-10-28T15:57:56","slug":"dp-attaukos-lidzelkis-ar-bikarbonatu-750-ml","status":"publish","type":"product","link":"https:\/\/e.kosmolat.eu\/lt\/produktas\/dp-attaukos-lidzelkis-ar-bikarbonatu-750-ml\/","title":{"rendered":"ULTRA DEGREASER BICARBONATE with trigger H.a.c.c.p. *NEW*"},"content":{"rendered":"<p>Veiksmingas nuo vis\u0173 tip\u0173 d\u0117mi\u0173. Padeda pa\u0161alinti nemalonius kvapus. Valo ir atgaivina visus plaunamus pavir\u0161ius, ypa\u010d virtuv\u0117je. Nenaudokite ant neanoduoto aliuminio, da\u017eyt\u0173 ar skaidri\u0173 plastikini\u0173 pavir\u0161i\u0173 arba nat\u016bralios medienos. Naudojant ant spalvot\u0173 audini\u0173 pavir\u0161i\u0173 Pirmiausia i\u0161bandykite spalvos atsparum\u0105 nepastebimoje vietoje.<\/p>\n<p>Naudojimas:<br \/>\n1) U\u017epurk\u0161kite priemon\u0117s ant valomo pavir\u0161iaus.<br \/>\n2) Esant stipriam u\u017eter\u0161tumui, palikite kelioms sekund\u0117ms, tada nuplaukite vandeniu ir nuvalykite dr\u0117gnu skudur\u0117liu.<\/p>\n<p>Sud\u0117tis: ma\u017eiau kaip 5 %  anijonini\u0173 aktyvi\u0173j\u0173 pavir\u0161iaus med\u017eiag\u0173, ma\u017eiau kaip 5 %  nejonini\u0173 aktyvi\u0173j\u0173 pavir\u0161iaus med\u017eiag\u0173. Kvapai. Konservavimo med\u017eiaga: Benzisothiazolinone\/ Methylchloroisothiazolinone\/ Methylisothiazolinone.<\/p>\n<p>EUH208 Sud\u0117tyje yra: 1,2-benzizotiazol -3(2H)-onas , 5-chlor-2-metil-2H-izotiazol-3- ono ir 2-metil-2H-izotiazol-3-ono reakcijos mas\u0117 (3:1). Gali sukelti alergin\u0119 reakcij\u0105.<br \/>\nP101 Jei reikalinga gydytojo konsultacija, su savimi tur\u0117kite produkto talpykl\u0105 ar jo etiket\u0119.<br \/>\nP102 Laikyti vaikams neprieinamoje vietoje<br \/>\nP103 Prie\u0161 naudojim\u0105 perskaityti etiket\u0119.<\/p>\n","protected":false},"excerpt":{"rendered":"<p>Veiksmingas nuo vis\u0173 tip\u0173 d\u0117mi\u0173. Padeda pa\u0161alinti nemalonius kvapus. Valo ir atgaivina visus plaunamus pavir\u0161ius, ypa\u010d virtuv\u0117je. Nenaudokite ant neanoduoto aliuminio, da\u017eyt\u0173 ar skaidri\u0173 plastikini\u0173 pavir\u0161i\u0173 arba nat\u016bralios medienos. Naudojant ant spalvot\u0173 audini\u0173 pavir\u0161i\u0173 Pirmiausia i\u0161bandykite spalvos atsparum\u0105 nepastebimoje vietoje. Naudojimas: 1) U\u017epurk\u0161kite priemon\u0117s ant valomo pavir\u0161iaus. 2) Esant stipriam u\u017eter\u0161tumui, palikite kelioms sekund\u0117ms, tada [&#8230;]\n","protected":false},"featured_media":101670,"template":"","meta":[],"product_cat":[1468],"product_tag":[],"class_list":{"0":"post-101668","1":"product","2":"type-product","3":"status-publish","4":"has-post-thumbnail","6":"product_brand-italchimica-it-lt","7":"product_cat-virtuvei-namu-priezurai-namu-priezurai","9":"first","10":"outofstock","11":"taxable","12":"shipping-taxable","13":"product-type-simple"},"_links":{"self":[{"href":"https:\/\/e.kosmolat.eu\/lt\/wp-json\/wp\/v2\/product\/101668","targetHints":{"allow":["GET"]}}],"collection":[{"href":"https:\/\/e.kosmolat.eu\/lt\/wp-json\/wp\/v2\/product"}],"about":[{"href":"https:\/\/e.kosmolat.eu\/lt\/wp-json\/wp\/v2\/types\/product"}],"wp:featuredmedia":[{"embeddable":true,"href":"https:\/\/e.kosmolat.eu\/lt\/wp-json\/wp\/v2\/media\/101670"}],"wp:attachment":[{"href":"https:\/\/e.kosmolat.eu\/lt\/wp-json\/wp\/v2\/media?parent=101668"}],"wp:term":[{"taxonomy":"product_cat","embeddable":true,"href":"https:\/\/e.kosmolat.eu\/lt\/wp-json\/wp\/v2\/product_cat?post=101668"},{"taxonomy":"product_tag","embeddable":true,"href":"https:\/\/e.kosmolat.eu\/lt\/wp-json\/wp\/v2\/product_tag?post=101668"}],"curies":[{"name":"wp","href":"https:\/\/api.w.org\/{rel}","templated":true}]}}