{"id":101612,"date":"2025-10-28T14:46:32","date_gmt":"2025-10-28T14:46:32","guid":{"rendered":"https:\/\/e.kosmolat.eu\/product\/green-pharmacy-%d0%bca%d1%81%d0%baa-ae%d1%8f-%d1%81%d1%83oco-%d0%bf%d0%be%d0%b2s%d0%b5ea%d0%b5%d0%bd%d0%bduo-%d0%b2%d0%bee%d0%be%d1%81-csa%d0%bda%d1%82-c-asna%d0%bd%d0%be%d0%b2%d0%be%d0%b5-%d0%bca\/"},"modified":"2025-10-28T14:46:40","modified_gmt":"2025-10-28T14:46:40","slug":"green-pharmacy-%d0%bca%d1%81%d0%baa-ae%d1%8f-%d1%81%d1%83oco-%d0%bf%d0%be%d0%b2s%d0%b5ea%d0%b5%d0%bd%d0%bduo-%d0%b2%d0%bee%d0%be%d1%81-csa%d0%bda%d1%82-c-asna%d0%bd%d0%be%d0%b2%d0%be%d0%b5-%d0%bca","status":"publish","type":"product","link":"https:\/\/e.kosmolat.eu\/lt\/produktas\/green-pharmacy-%d0%bca%d1%81%d0%baa-ae%d1%8f-%d1%81%d1%83oco-%d0%bf%d0%be%d0%b2s%d0%b5ea%d0%b5%d0%bd%d0%bduo-%d0%b2%d0%bee%d0%be%d1%81-csa%d0%bda%d1%82-c-asna%d0%bd%d0%be%d0%b2%d0%be%d0%b5-%d0%bca\/","title":{"rendered":"&#8220;Green Pharmacy&#8221; \u041c\u0105\u0441\u043a\u0105 \u00e4\u0117\u044f \u0441\u0443\u00f5\u010d\u00f5, \u043f\u043e\u0432\u0161\u0435\u0119\u00e4\u0435\u043d\u043d\u016b\u00f5 \u0432\u043e\u0117\u043e\u0441 \u010d\u0161\u0105\u043d\u0105\u0442 \u010d \u0105\u0161\u0146\u0105\u043d\u043e\u0432\u043e\u0435 \u043c\u0105\u0441\u0117\u043e 300\u043c\u0117"},"content":{"rendered":"<p>Naudojimo instrukcijos: tepkite ant \u0161vari\u0173, dr\u0117gn\u0173 plauk\u0173. Palaikykite 2 minutes, tada kruop\u0161\u010diai i\u0161skalaukite.<\/p>\n<p>Atsargumo priemon\u0117s: patekus \u012f akis, kruop\u0161\u010diai praplaukite vandeniu. Galimas individualus jautrumas atskiroms sudedamosioms dalims.<\/p>\n<p>Geriausias: 30 m\u0117nesi\u0173 nuo pagaminimo datos.<\/p>\n<p>Laikymo s\u0105lygos: laikyti +5\u2013+25 \u00b0C temperat\u016broje.<\/p>\n","protected":false},"excerpt":{"rendered":"<p>Naudojimo instrukcijos: tepkite ant \u0161vari\u0173, dr\u0117gn\u0173 plauk\u0173. Palaikykite 2 minutes, tada kruop\u0161\u010diai i\u0161skalaukite. Atsargumo priemon\u0117s: patekus \u012f akis, kruop\u0161\u010diai praplaukite vandeniu. Galimas individualus jautrumas atskiroms sudedamosioms dalims. Geriausias: 30 m\u0117nesi\u0173 nuo pagaminimo datos. Laikymo s\u0105lygos: laikyti +5\u2013+25 \u00b0C temperat\u016broje.<\/p>\n","protected":false},"featured_media":101614,"template":"","meta":[],"product_cat":[1256],"product_tag":[],"class_list":{"0":"post-101612","1":"product","2":"type-product","3":"status-publish","4":"has-post-thumbnail","6":"product_brand-elfa_ua-lt","7":"product_cat-plauku-kaukes","9":"first","10":"outofstock","11":"taxable","12":"shipping-taxable","13":"product-type-simple"},"_links":{"self":[{"href":"https:\/\/e.kosmolat.eu\/lt\/wp-json\/wp\/v2\/product\/101612","targetHints":{"allow":["GET"]}}],"collection":[{"href":"https:\/\/e.kosmolat.eu\/lt\/wp-json\/wp\/v2\/product"}],"about":[{"href":"https:\/\/e.kosmolat.eu\/lt\/wp-json\/wp\/v2\/types\/product"}],"wp:featuredmedia":[{"embeddable":true,"href":"https:\/\/e.kosmolat.eu\/lt\/wp-json\/wp\/v2\/media\/101614"}],"wp:attachment":[{"href":"https:\/\/e.kosmolat.eu\/lt\/wp-json\/wp\/v2\/media?parent=101612"}],"wp:term":[{"taxonomy":"product_cat","embeddable":true,"href":"https:\/\/e.kosmolat.eu\/lt\/wp-json\/wp\/v2\/product_cat?post=101612"},{"taxonomy":"product_tag","embeddable":true,"href":"https:\/\/e.kosmolat.eu\/lt\/wp-json\/wp\/v2\/product_tag?post=101612"}],"curies":[{"name":"wp","href":"https:\/\/api.w.org\/{rel}","templated":true}]}}