{"id":101604,"date":"2025-10-28T14:18:50","date_gmt":"2025-10-28T14:18:50","guid":{"rendered":"https:\/\/e.kosmolat.eu\/?post_type=product&#038;p=101604"},"modified":"2026-03-06T13:21:41","modified_gmt":"2026-03-06T13:21:41","slug":"bek-effect-parfimerijas-sprejs-sievietem-24-st-200-ml","status":"publish","type":"product","link":"https:\/\/e.kosmolat.eu\/lt\/produktas\/bek-effect-parfimerijas-sprejs-sievietem-24-st-200-ml\/","title":{"rendered":"BEK Effect Parfumuotas pur\u0161kiklis moterims, 24 h., 200 ml"},"content":{"rendered":"<p>Nuostabus gaivus aromatas leis jaustis ypatingai.<\/p>\n<p><strong>Naudojimas:<\/strong> purk&scaron;ti 15 cm atstumu nuo k\u016bno.<\/p>\n<p><strong>Atsargumo priemon\u0117s:<\/strong> Tik i&scaron;oriniam naudojimui. Nepurk&scaron;kite ant jautrios odos ir venkite patekimo \u012f akis. Patekus \u012f akis, praplauti dideliu kiekiu vandens. Ne\u012fkv\u0117pti aerozoli\u0173.<\/p>\n<p>&nbsp;<\/p>\n<p><img decoding=\"async\" alt=\"\" src=\"data:image\/png;base64,iVBORw0KGgoAAAANSUhEUgAAAD4AAAA+CAYAAAEExpjSAAAAAXNSR0IArs4c6QAAAARnQU1BAACxjwv8YQUAAAAJcEhZcwAAFxEAABcRAcom8z8AAA4LSURBVFhHvVl5bFRVFx+UGlwQ0rgESAFFEc0nfILaskYRKf5NIBhDNCLRhM0QYrQRxA2iBGj4ZKmllG6UEhIWGw2BkKqJJQokRtFAAolgjEBhBqW8KbS93\/n93r133rx5M\/NmaPklL2+775579nPPiyg\/Ojv1hYukAdGJo92L69fds8AOiE4cw3NNTQ3P6sYNnjjAvDx27JiKRCKJQR0dMsAzXZ8+fXgeOXIkz7HpEzQJzyCD6LRinhOLvJEYFJtWoq98XGBh0dIJ+sZF8oAAJA8QIUUnaFloJAZ4JBid8KS+MgO63JeQAQ7ASDUSnTKWF++884565plnVEVFBe8Bp6bSncGMrqqqUhs2bOC1U1vFs12DVZQgXl+tr7yLFEQnjVGO5yWQNMAPzBqd\/JTVbBACJwAlw7kB5edRl0HyEmE2Hnl2yjXEtnr1av1Ej+mI6zs9gf\/DDtiZlvnFixd5vuOOO\/RbFxQa7REQc\/NKEbjtttvUV199xevy8nJVUFDAayD2QrFy6rbxOlkGwqOZaN26dTzWrl3Lc3V1tdhwiajI\/dAgUIhcEQSpERPjNxT9CJ7AQNTn7ND+lwYZJ3CqNumrYKT9GMuNvjje+m0QAj\/mh9qfnQYRmkg7CCkfOzVb7YdXr17lOd5UFzhB0sdOdQWXavD888\/rK5lgZ+oE9mOneotQTHwIS3vooYcY+f79918+80\/Aj0lRop3Bu+++a022uLhYHTp0SL\/RLEx1J4g42ysYJg1uiH5bWlr44ejRo+0kXpgVRCAcp84NHwYYXFRUpI4fP64GDBjA+40bN+q3SnV3SgAVB+OUNHyP\/d59993qyJEjvI7FYqqwsJDXQDfips4Edj0xEZZTn1jBTz\/9pNra2lR9fb1+kqBokMRM7MUJEgG30jWNh5mDkdrnxsmSEEB4Tm2lvtPweZtByscAJojLCggGjtQPgcCPAbIgavQv1Yu0HwOYIBMyfpwJ9DyRA7TU7YmyuSBn4oiHhig06DTg\/r+0tVwXEZq4s71SE5VwEVBsxBtr+B5u0x0Pt4isxJHWwRljlCdfAa+\/\/rq+SoB+i0VgfBZJpCXucirihNF4UnB3d7dqbm7m9dSpU5nvAMdxeDbgIsTEGcLSSCKFOOMiiYoh+fL+33\/\/zTMCzTfffGMjVllZmXruuedUa2sr33vhLmI006CsUD91YYkzpmqifvEaIJODGLjFeejQoWrQoEF2EZWVUnnJOQhGErAZYxORa5vKEzoVkabDww8\/zFjdr18\/lr0g0tTUxHdmMThWrVqlzp07x+dBcBplEVKWxV4o0ZxLEYOQBEPxx3aD06dPWwI4gPb2dp6BOXPm2He\/\/fabfuqBqBBSBfcIvkCyjK5LyBYJQBLe\/GDw559\/MrkgQ\/mxcOFCEv7111\/1Ew3UUiAawFiwgrBKvYi454OdO3eqlStXqg8++EB9\/PHHvP7www\/VJ598oj766CNeb968mWNhrC4j4DRYmsHEDUTHcDV3Ap0lsgF5S6Ifxeur0f3ITFwDXPj1lQKJemZMPE1l6Uco4gbdkAS4giQk8hEkKuINwakfORE36O7qctUhuy0EkGylcDrkRZyQmOBUJsqpfJAf5xA1xS8uacSfB3InjvINhCVK0X+hayl38kFuBmcsGhyjwoPuERkny70kpFwRnrixdFq1x5VkF4win89zXEAo4shCluOAsEt3mz7Rfb8t\/AKyEzcRS\/b1fsJm30OICqJYACUQzgYyE5cyKCqpj0HFR\/i6cPvee+\/pOw0xRjc7igRCGGF64qJjJgYEEdmU+oE+gymhkkAJGBvIvIBg4qJjm5GkNPbi6NGj8jquLly4wBS6bZv7HrWdhaiKNpBlAanEr3dojiVBBIRNpNWZM2eqU6dOkfiQIUP4\/JVXXuHZAhIoneRKbpubZv1IJg6rlkKPK\/aJGjrukgkXLFjAggK53FQueN6\/f3890gNIoFRLoCp1AQni4FjKXHLcWKsfJuORRx5Rb731liWK4\/bbb1ePPfYYF4Qa76+\/\/tKjNSgBWQC8xScBEsc2h5ULVrhjO18EAcTuv\/9+S3jevHn2esqUKeqJJ55QDQ0NerQHRgK+OBBxOdY6li1PEEw1+sADD1hiOFDTjR07NunZvn37ODYFIgFrhHoBEWzwkJedhvQcHz58WK1fv54tZEPE6Liurs4+M51k2Ec6mGR07Yu1KuLUfMkbiAUNh3QwBHBs2rRJ3XfffXy+e\/du9fbbb6t7772XHZ8777yTz4OAhgezoagYIZk6RwsBPs1tb5pVP\/7445b4ihUraFwAfB4w74YPH857P5w6lwYJS00IWGtHTU0JiP7Rq\/Fj\/\/79nPzll19WW7ZsUdeuXdNvFHvRn3\/+Od\/v2rVLP03Azg3m9KKBJD\/nIKxO9OLdmRosXbqUBE6cOKGfuEBrD8+nTZumnySAnADCRtReJBEHUOC7g2WTH2ADMCZwjjCLkArCixYtUj\/\/\/LMekQB1zB1qsDpTiANcgNaP2SZDt++\/\/75avnw5dys4sHPBLuXTTz+lHeDdpUuX3PGUoux6PTr2I5A4wN4LJIA2h3wMjj\/77DN209C3Nr1r77FmzRp1VTad2FhQx77Ggh9piQPYBLgqSO8FfpAwPIeE07sukJE4gB8mrhumGowfKCqpY8nnmTg2yEocwN7LFWN6CRhDxRh\/OyUdQhEH2GLH5Oit+BZggxRdNLOovQhNHDA+i42hWYDbKjMchycM5EQcsEYoemVekDxNHYc0SC9yJg4g58OwkA3JsaTLfJAXcQDb4jDulAl5E88boh7YDiSG+OFs\/zIvld0sbh3jkqPIsMQq2iuaGjgQ\/iWCc4MjFd2tQu8zTg1L7IOGwTByJZxUch6jhq7q+RwWgD5Hnv8tckGvMd4t2kN6Y8tKM4awCGaTTFv81JF6nVtbjMMBC6jeIpuJ3rOAnmccGpa0SkYk7DK9SkHKn+SZgpEUrHGJmvR9RE5xAWxkuLnoBQvoMcaRzBCooi88azUHJqjhXKKvCABpI1bauxZw04yjXmHhJP5JLSG5SgDjzj7Dxmvv3r38yZsWnV3K2VkrsQEC8FhAdUWPCCB\/xlEbSyCiaSIwQTMIWqLhbMXb5cuXuZEfP368On\/+vH6aBmItcQiAvRWhgVghNdzNZoHcGdcaZlqCFqANmLRoONPW2ou2tjY1ffp07usmT56c2kIJAmJAY60bLBE7KACxAAggDwsIz7gEGPhZbGqxZtjVcBwMZ9Hwjh072MJpbGzkvb+Lgo5ah178wYMH1ffff8\/rQEAA+Cmpu2tYC+sA9JpzCILZGUdaAsNoFdGkhRiiNFpG4odhgL9tYHDMmDE085aWFnXXXXdZxtFE27jR\/VGyePFiNWzYMLYWM0JoQwBuGpQ1IbZAAOjyhbCA9IxTwxWMqNQw8\/B4zXDwr2UD7KHRG0EjDl2DV1991TI5adIk9eijj9p7c0A4X3\/9tbrnnnsoFPwXB5IauUFADGgSAcwwMQBBUAvA95\/ci1TGZdFx8ZuED4NhMWkwnMNuBM0BMAQzfu211+yvbnP07ds36Xe390AD+ZdffmHkHzVqlGptbdWzZoCsDTHAzQJP0goQBOOsA1ItIME4orQwbDUMhuHD6HR7K62QqK6uJnNBjOGAOf\/4449s4XifQ0BDhw5NauuiuxYasIBdDVIHJLKALYR0mxCI0KQtwzJo8lM0Gza6c9AwTBKmjVYQOu7\/\/POPmjFjRhJT3uPNN9+0Zrxs2bLAMTjQ6zxz5gzHYd7Q6JIg2FSvYi9NcZusyARwAQrAURHnyy\/cFAEtY7ekq62gnmc2XLlyRZWUlNBPZ82apd544w12\/cEAnqEBj+uioiL1+++\/66+Uam5utmb\/9NNPs1uM6+LiYvp9eXm5qq2tze7vPnQL89wIodbw7gQr\/qdNHVtGFCNmywgzR47EH\/+QudkAfllQUMCFe48HH3yQpo226JIlS9QPP\/ygv1Dq22+\/VZs3u788qqqqUr7HfVADOS1QPsvuz\/JDcxeGZdNk+EkKbvi1gi4WU4TxcwhAtpVhG0vofM+dO9cuGn4+btw4+jT+ihw4cECPTMXWrVvVwIEDObawsNDOga66aednAkpZMsxqUtYPDcOChSf88PYiOJ1BYugfQmLcYbmpDE2vbKkMaG9vV\/Pnz7cLHzx4sPruu+\/4rlO+D\/JVPIcpO5KCZs+encQ0mugZId9ibWQYGsaaoTDhAbwEIZhxA24xtcl4LUCkGqaZiny+Z88e\/tfE3x\/U53AF\/PH1++vJkyc5DsyOGDFClZWVqbNnz+q3weAGyWvSVJBmOEsmysy4ASSKRi4JuFUSJSouEMYCvIC2UZ56tQ4hQKvQehBSgho1rC2SDGM9YpGMSeHWE45xA1iASJhR0mcBXgkjlZWWllpzvZkD\/n72jz\/ciTV9q2GsAS7oox8GuTFuIFLF5gSbFEqbEoeJSdQMGQRzAnwfaclqWA69QcrV4gzyY9xApIw\/PW4WgAbkoAAq5V3+e2UL9u3Q5BCG9fysJhFkc9SwHzfHuAGqJNGIjarGAmCC+VgAsgpcihqGRblZhX07odUT6BnGNZAr8avNVoLIowg6sIAQW0XuF1BHmDYWNIwNkmjYn4dvFj3KuAWiLgQABrTGXBdIEwOgYZs1YDGuSbNRmacPZ0PvMK6B3nq8YbswYX4aeCwA6UyOYA2jb9cLQdKDXmXcAhYgEZguAAvAbmnqszpoCcPj\/0MfdjuzvaNhP24N4xpoRrJn7o0Bco1nYRuVPYVbyrgXMHG0tmTvqJ\/cSij1fz8Grtdd8Jr3AAAAAElFTkSuQmCC\" \/><strong>GHS02 Pavojinga<br \/>\nH222 <\/strong>Ypa\u010d degus aerozolis.<br \/>\n<strong>H229 <\/strong>Sl\u0117gin\u0117 talpykla. Kaitinama gali sprogti.<br \/>\n<img decoding=\"async\" alt=\"\" src=\"data:image\/png;base64,iVBORw0KGgoAAAANSUhEUgAAAEIAAABCCAYAAAGUUzB+AAAAAXNSR0IArs4c6QAAAARnQU1BAACxjwv8YQUAAAAJcEhZcwAAFxEAABcRAcom8z8AAA20SURBVGhDzZtJjBzlFcd7vM3qSTwwM57FMc6BkAMgEYlADkgIsHAkjgQH5EhYmMXL2BOCiAiECxIHr4NBISHcCBxYcgBxw0RYEHK1MBFINpKX8QqxsbGNjb+X93v1fd3V1VXdVd09A3+p1NXVVV+9731vf1+XJAH3\/Av+rILqmzZvsQ83+hP7DCjf5LZs9WcR3MhSfxZu8iMkEUYsuZ3P2cmFCxdk7vz5Mr+rS2677Ta7BtzwSDRSfOgq9AzaR4Xw0cSN3Vf6k8TsXLixp3IDqLoJuJEl\/qyCmpuSqL6hT4ncMOm\/RKjcsHDIn+ir1m30Z+GG3mrigFsXjVSSgfHopFSSBco4PgOcvi769siEfVTh0CH7KN\/u1sZuOhz9CCrjKRhSDh323yJU3ZCGuje4bdtFFil3x67yV9KROojbtk3X7gr\/zeOhDSIj1dIaUD0XHl4YiU4W3FpdjLFqabJB3FZ9uK92Yaanp2X5HXfYOnTMmWOfr732mv3m1k+K84NFg\/Blw6N24eLFi3bz4uFh+fdHH9m1VMB9L67VPNE5x2UnFSx65yL\/JUIqY1kNm3scB\/XhruqHA9IH8WCazD2pZUnUHcRw+rQ\/SUf9AbpVTq5Qhn\/zjb9Qi+wBegfF6dIa+oZ1kLPReQLpA3QNiDtyxH\/x6Fss7mztILUDwLRjR\/2XBBbqIOfO+S8RqgfoHEAk\/ZcMMEiMJ5UB+tQoHTvmvzSATicwNhpAtdJNJ+asePnll6Wnp0dKHR0yb948uf766\/0vip6IsSUMuvvyK39V5Nprr40MXHe3HSVVrIV9fbJv3z5\/RwyDy3QAlqdXR\/Po7e21ASY3bpSzKVwvQ2XE7ZjyUzin81Hm5IXr1IenIl9WZqJxFuY0groo91z0MKhaRlvj\/uxBHDLy3E7\/LULVACCipOJnyujVa4mHQc0ABhukwtgk2XGkDwBYnW596xVLjNtZyB4AQEkK2XHUH6ARsPBIMb4EUWgSTRFhUVWXGix1MQ4dxHzqQlnA4vWsCAoRYS9HUnrUbh1NMQDrNqlijBgxrgBnchFhjpWZExLlsT7rf6+cUd0YV4+VYZXjqE\/Edg1GVJkcMUUju5kGXGb\/qAWg7ny1YY4jlQi3RQPlbjXY\/TrzpLtoAo6oDzeTITNVRESRlJoR1rzAzC9++6189tln8vTTT8vq1avlnJqqw4cPy3Yd7\/XXX\/d3QYxGZRCzWKOUGDERETZzZblGuu5Iuq\/7Wn3\/O2+\/Lffee6+MjY6aOceJkDEQ+HbiG\/RzrjqV5cuX+6cyQJgUtEndQUlOnYr0\/Eq9kAx7FJ9\/\/rm9sFM9V6e+hBfN0RdxrUOPX9xwgzz77LOyd+9e+e677\/xT9eGIxRZp9I6N2bkzthw4KCjDgaFqMezfv1\/eevNNOXnypL\/SHNyBgxHHcXjeZ4FawVSVsrwLH5ZIX5qGyoflbBnOI1U7gAkOMTPEPJyS0+SBRrHmL5m9sj0LmUSUgeVjmSAG85wHCDfJKGrewHmBxkR4wBlLqFGxh1XVUuAOT4vTUDRi+\/P+amPkJqIMzHBCgB3JA7NW+yJT2T4\/C8WJCNBlMs4MaX6pfiUrWsmD5okAp07L5Rdqyy1F0TwRyMji8Uj6cXQtoDkizp6JrCxZGCk\/y9GELAQUJ+KMJ6BHbf9GjRuOqjrCDRK0HTv8TcVQjIgzWFMlgJgbAgJUNa1AROyBJy6I3EQQIRkB2IlNUeUhDtJUsxEa\/tULzdOQiwinSyCLde3JOutVK4hBsJQsTQEZaUiEEeCNk9v0B3+1DpCRhWrITEbyaU19IrCOxgElYGPtEmQCjvR6GdneWFgzibBsEpferyH8+ur4IhcoDhIg40FjsUMaUomwugcmGf\/QSkxBKQxNaqC+tUQoAVbR1UzW7ECrgBASJgjJWJpqIowAz4EiMtAIwaBhS1JMfJkIhyk2IVQ9T8SYjXDixAn551tvyW9XrpR\/vf++FVR2f\/CBTE5Oyvnz56OblCPOAh0V1oQdiYgIppgwPAcHzqvQfvjhh\/LYY4\/JT5cti8J\/PebOnVs+H1i0SO655x65oDlJgCPWRGvwNTFCSrYEw4Tf+mOGEDrnLKTfunmz\/Ormm8sv6tCXhpyDg44F1\/d+8ol\/MgUUw1gatIaat6LkhjR2HFomMpFuiF566SXp7OyMXqzJznw958V26ItDDsLxs6uvlieffNI\/WQcnvxT58ZgtzeW\/vKhE7FAdhqorNTWDXQncfNNN9mLLsPSYFwjSY3h4WH63apW8+cYbJhd54R5ab8mWVcA1szOZsFYALOJI1A6n1AeEl5JxrbjzTvm7coeEqCmQHOMCxpT7voZR0Q5UhxoEsnFIM6UY\/vHKK\/LfTz\/NneZlwT2szo9K2jgEVEoFVXYCh+MsU1JiiBHaCPfgusgLqzOsX0RWmHlFn7FyKWXdZuDWqt3BAo9qZJ5SRqohAph5pYOBTqcIaxGYELIEGQSAVCKAm4IjuiwtEGJLQPq4ZFndQlomEcA4YloDIQWXBgKoV6kQ1qtXgbpEAIuO4AjO5\/hxf7UBaNZRY0cNGxAAGhIBzM4TxBIbNNIakuUUNayHfERwTHmD1lVr0ALKaqgcSKphPeQiIsDUlzYyxCRLi2YJdQnGVQtSyoT1UIgIYMKKjCghZV9jpUENA\/AFBQkAhYkAZV8zqNYPQ4SsIIRNEACaIgJEllU5MnhVVI8sIANJNE0EMEKIyusYojxoiYiWQESnybMbHrPo3ibU5HK2A7PPCJL7rcoAAntEipIXh55TAjOGtLi6zWD2GEFWs2WLNRkil4iC6zk9Ikq0GuFa4xHrw6YEjADp+Cxh5hmBCtC9gwFIAFYNuz8xKfFuvJle0j4YRA7KvcSBmOdZYMjMMcIkQFXAUkudHK5d4xFSzJotGHFQ9yILhCE8QycKhsywDWkrIyzkCEYQBvjJUPB16zdmttZSMT0dNRIs6NfoIKiMMsSaDf62dqFtjHBnlTj0GlfGbiXEm11eqgJNtXQD6J7QGkSlrNajY7NLSoPNeEOzVbTOCCRgs9oAClwksayeMsAKXQVS9IY4XtmWIH0jkQ1BQkie28CQphlh4rnVMwAVWDgqLuy+LKICRYHKsImSRKwfhui7vVEtEtknUZgRkQ1ABTScZFUo9mME1Qa0u4pQF3gZ2rSkyEhhkBBNnZtRmdyMsOomEoAbJBFEX4MKtGFnRdNQhkTJhmcIhQw11CYhBRjSmBEmARoIBRUwN6gpFg2PvFv6ZgPEJKglC2QSEne7jeOQbEZYKLw1CoW9gTI3uEG5PwsS8I2u5hF9T9Y+DbbNnDlzRi5duuSveKCeJOSoClUBtSVsv7DaSqEKkQVCGEEfBxgTIhVIK\/K2AibyxRdfyO7du2WHWv9Vq1bJLbfcIuPj41X1+RtvvFGeeeYZefzxx2XFihVVdfyVK1fKiTRmsUvG9g6ryuDK8WhmVJUhKuVJVBiBCsRzAQuF9eFNDSLBOrh08aIcPXpU9uzZYxXvPz3xhPzm7rvl59dcUynTx445Ovl5CxZYfyDsXQ37V7v02u233y5\/fuopecXXlNk81RCmMo\/6OSlDkOqUXKYk\/\/vKLpazQZIfSvyqb2k7c9NAa2fXrl2yTSPKiYkJufXWW+WqpUulh0nEJkpDhImGvoQ1Rzj0PDRIaBuwOSv+3AJ9Zge63gJMmjGqg+rt2L+lcyX6tbbGqVNSsk0Xi8cijg0uizZdTagnyLmH6sCBA3KH39LPEVY1vqLxpgzHfP09bP8Px3yd\/JIlS0w17rvvPtmm0rnrvfds+1yulc8Bd\/xEFKXS4KGxxMKPjMrlF\/\/qVQOdQSpCbIBa0MylF99AKvhvw1133RUxQSfDhGkMcd7R0VE12R\/198t1110nv1Y9\/6Pq+6uvvir\/+fhjdT7Hao1eG+FoxZK3YCeYG9LAXNlD4F1stbHEUxDDqw5FPR+yP4IlVZM6hvLgwYOy+v77ZWBgQIaGhuSXatzWPPCAbXx89513ZP++fWYYZx0YTEvcYotLcZvtZokYI9V9WvgMQ6yGQOygbgguMijc\/YHDHTwgbs266L8PtBaCgWTLW4aapTKiDLim7ibaX+cjNwblP1g03H9oIIYg7LbIV2kl2uTfVahAAztTnxEBSMh2lRD6ZuElRJcYnjbHFk2Bza0PqrQSMxD5si2DDhebVXLWP\/MxwiNSGXVjZkMC1z1Dvg+VYbMlnTU8HirQrXmG2QAYUMzTFGJEgPUS4XbwMvQYMUQmIUrcTEMlwD24XhwGPaTiSAAbfi\/4LSoF0RQjAsj\/rXQWGMKq4GVgSCtVqSyw\/yZIAAxgkzkdRpWAVmoRoCVGBNhGRJIauo5BZdhmR6m+HUaVgi7MhQGWN+g7vA1opvaQhrYwIsCKNlhovAz6CkMQW1axCQnh7wVuzdqKtMEA7JO6wXYxIKCtjAgwo2puV4m2Ao6m8ExC3W6uBI5y3CMqASEOIPtVj2USgDr629qJGWFEGagMpX0kBLH2vQ0roKSU9Sx6DbWE0NMgEGJ7RJslIImZZUSAd7smIUiGhbvKGOoFakNsMzPbrMJv\/P8AFbBAaGYZEDA7jAiAIUyOaA\/XRzrMRnsyXs7NBuhvO7ND4ZnC7DIigFXGhlgVTBmCG0R9pjQOyLHdaCbw\/TAi4PRpqwVcfvFvIl9\/7S9+HxD5P4XZHYa6gcbYAAAAAElFTkSuQmCC\" \/><strong>GHS04 Atsargiai<br \/>\nH280 <\/strong>Turi sl\u0117gio veikiam\u0173 duj\u0173, kaitinant gali sprogti.<br \/>\nP102 Laikyti vaikams neprieinamoje vietoje.<br \/>\nP210 Laikyti atokiau nuo &scaron;ilumos &scaron;altini\u0173, kar&scaron;t\u0173 pavir&scaron;i\u0173, \u017eie\u017eirb\u0173, atviros liepsnos arba kit\u0173 degimo &scaron;altini\u0173. Ner\u016bkyti.<br \/>\nP211 Nepurk&scaron;ti \u012f atvir\u0105 liepsn\u0105 arba kitus degimo &scaron;altinius.<br \/>\nP251 Nepradurti ir nedeginti net panaudoto.<br \/>\nP410+P412 Saugoti nuo saul\u0117s &scaron;viesos. Nelaikyti auk&scaron;tesn\u0117je kaip 50 &deg;C \/122 &deg;F temperat\u016broje.<br \/>\nP410+P403 Saugoti nuo saul\u0117s &scaron;viesos. Laikyti gerai v\u0117dinamoje vietoje.<\/p>\n","protected":false},"excerpt":{"rendered":"<p>Nuostabus gaivus aromatas leis jaustis ypatingai. Naudojimas: purk&scaron;ti 15 cm atstumu nuo k\u016bno. Atsargumo priemon\u0117s: Tik i&scaron;oriniam naudojimui. Nepurk&scaron;kite ant jautrios odos ir venkite patekimo \u012f akis. Patekus \u012f akis, praplauti dideliu kiekiu vandens. Ne\u012fkv\u0117pti aerozoli\u0173. &nbsp; GHS02 Pavojinga H222 Ypa\u010d degus aerozolis. H229 Sl\u0117gin\u0117 talpykla. Kaitinama gali sprogti. GHS04 Atsargiai H280 Turi sl\u0117gio veikiam\u0173 [&#8230;]\n","protected":false},"featured_media":101606,"template":"","meta":[],"product_cat":[1378],"product_tag":[],"class_list":{"0":"post-101604","1":"product","2":"type-product","3":"status-publish","4":"has-post-thumbnail","6":"product_brand-sora_tr-lt","7":"product_cat-purskikliai-kunui","9":"first","10":"outofstock","11":"taxable","12":"shipping-taxable","13":"product-type-simple"},"_links":{"self":[{"href":"https:\/\/e.kosmolat.eu\/lt\/wp-json\/wp\/v2\/product\/101604","targetHints":{"allow":["GET"]}}],"collection":[{"href":"https:\/\/e.kosmolat.eu\/lt\/wp-json\/wp\/v2\/product"}],"about":[{"href":"https:\/\/e.kosmolat.eu\/lt\/wp-json\/wp\/v2\/types\/product"}],"wp:featuredmedia":[{"embeddable":true,"href":"https:\/\/e.kosmolat.eu\/lt\/wp-json\/wp\/v2\/media\/101606"}],"wp:attachment":[{"href":"https:\/\/e.kosmolat.eu\/lt\/wp-json\/wp\/v2\/media?parent=101604"}],"wp:term":[{"taxonomy":"product_cat","embeddable":true,"href":"https:\/\/e.kosmolat.eu\/lt\/wp-json\/wp\/v2\/product_cat?post=101604"},{"taxonomy":"product_tag","embeddable":true,"href":"https:\/\/e.kosmolat.eu\/lt\/wp-json\/wp\/v2\/product_tag?post=101604"}],"curies":[{"name":"wp","href":"https:\/\/api.w.org\/{rel}","templated":true}]}}