{"id":100462,"date":"2025-10-22T08:22:21","date_gmt":"2025-10-22T08:22:21","guid":{"rendered":"https:\/\/e.kosmolat.eu\/product\/i_pt-matu-putas-ekstra-fiksacija-225-ml\/"},"modified":"2026-04-21T09:13:48","modified_gmt":"2026-04-21T09:13:48","slug":"i_pt-matu-putas-ekstra-fiksacija-225-ml","status":"publish","type":"product","link":"https:\/\/e.kosmolat.eu\/lt\/produktas\/i_pt-matu-putas-ekstra-fiksacija-225-ml\/","title":{"rendered":"PROFESSIONAL TOUCH Plauk\u0173 fiksavimo putos Ekstra fiksacija, 225 ml"},"content":{"rendered":"<p>Praturtinta &nbsp;Pro-vitaminu B5, padedan\u010diu dr\u0117kinti ir apsaugoti plaukus, &scaron;ios formavimo putos l\u0117tai d\u017ei\u016bsta, kad b\u016bt\u0173 lengviau formuoti.<\/p>\n<p><strong>Naudojimas: <\/strong>i&scaron;plaukite plaukus &scaron;amp\u016bnu, nusausinkite plaukus rank&scaron;luos\u010diu. Gerai suplakite buteliuk\u0105, pakreipkite ir i&scaron;spauskite putas \u012f deln\u0105. Tolygiai paskirstykite ant plauk\u0173. Nenuplaukite! Formuokite ir i&scaron;d\u017eiovinkite plaukus kaip \u012fprasta.<\/p>\n<p><strong>Pavojinga!<\/strong> Ypa\u010d degus aerozolis. Sl\u0117gin\u0117 talpykla. Kaitinama gali sprogti. Laikyti vaikams neprieinamoje vietoje. Laikyti atokiau nuo &scaron;ilumos &scaron;altini\u0173, kar&scaron;t\u0173 pavir&scaron;i\u0173, \u017eie\u017eirb\u0173, atviros liepsnos arba kit\u0173 degimo &scaron;altini\u0173. Ner\u016bkyti. Nepradurti ir nedeginti net panaudoto. Saugoti nuo saul\u0117s &scaron;viesos. Nelaikyti auk&scaron;tesn\u0117je kaip 50 &ordm;C\/122 &ordm;F temperat\u016broje.<\/p>\n","protected":false},"excerpt":{"rendered":"<p>Praturtinta &nbsp;Pro-vitaminu B5, padedan\u010diu dr\u0117kinti ir apsaugoti plaukus, &scaron;ios formavimo putos l\u0117tai d\u017ei\u016bsta, kad b\u016bt\u0173 lengviau formuoti. Naudojimas: i&scaron;plaukite plaukus &scaron;amp\u016bnu, nusausinkite plaukus rank&scaron;luos\u010diu. Gerai suplakite buteliuk\u0105, pakreipkite ir i&scaron;spauskite putas \u012f deln\u0105. Tolygiai paskirstykite ant plauk\u0173. Nenuplaukite! Formuokite ir i&scaron;d\u017eiovinkite plaukus kaip \u012fprasta. Pavojinga! Ypa\u010d degus aerozolis. Sl\u0117gin\u0117 talpykla. Kaitinama gali sprogti. Laikyti vaikams [&#8230;]\n","protected":false},"featured_media":100464,"template":"","meta":[],"product_cat":[2181],"product_tag":[],"class_list":{"0":"post-100462","1":"product","2":"type-product","3":"status-publish","4":"has-post-thumbnail","6":"product_brand-statestrong_gb-lt","7":"product_cat-bez-kategorijas-lt","9":"first","10":"outofstock","11":"taxable","12":"shipping-taxable","13":"product-type-simple"},"_links":{"self":[{"href":"https:\/\/e.kosmolat.eu\/lt\/wp-json\/wp\/v2\/product\/100462","targetHints":{"allow":["GET"]}}],"collection":[{"href":"https:\/\/e.kosmolat.eu\/lt\/wp-json\/wp\/v2\/product"}],"about":[{"href":"https:\/\/e.kosmolat.eu\/lt\/wp-json\/wp\/v2\/types\/product"}],"wp:featuredmedia":[{"embeddable":true,"href":"https:\/\/e.kosmolat.eu\/lt\/wp-json\/wp\/v2\/media\/100464"}],"wp:attachment":[{"href":"https:\/\/e.kosmolat.eu\/lt\/wp-json\/wp\/v2\/media?parent=100462"}],"wp:term":[{"taxonomy":"product_cat","embeddable":true,"href":"https:\/\/e.kosmolat.eu\/lt\/wp-json\/wp\/v2\/product_cat?post=100462"},{"taxonomy":"product_tag","embeddable":true,"href":"https:\/\/e.kosmolat.eu\/lt\/wp-json\/wp\/v2\/product_tag?post=100462"}],"curies":[{"name":"wp","href":"https:\/\/api.w.org\/{rel}","templated":true}]}}